{"id":133,"date":"2013-02-24T16:38:15","date_gmt":"2013-02-24T16:38:15","guid":{"rendered":"http:\/\/scholarblogs.emory.edu\/advancedchinese\/?page_id=133"},"modified":"2013-02-27T16:40:23","modified_gmt":"2013-02-27T16:40:23","slug":"%e3%80%8a%e5%a4%a9%e6%89%8d%e3%80%8b%e8%af%8d%e6%b1%87%e6%b5%8b%e9%aa%8c","status":"publish","type":"page","link":"https:\/\/scholarblogs.emory.edu\/advancedchinese\/%e6%95%99%e8%82%b2%e4%b8%8e%e5%8d%87%e5%ad%a6\/vocabulary-quizzes\/%e3%80%8a%e5%a4%a9%e6%89%8d%e3%80%8b%e8%af%8d%e6%b1%87%e6%b5%8b%e9%aa%8c\/","title":{"rendered":"\u300a\u5929\u624d\u300b\u8bcd\u6c47\u6d4b\u9a8c"},"content":{"rendered":"<ol>\n<li>\n<div style=\"text-align: center\"><strong><span style=\"font-size: small\">Quiz on <\/span><\/strong><span style=\"font-family: Arial Unicode MS,Arial Unicode MS;font-size: small\" lang=\"ZH-CN\"><span style=\"font-family: Arial Unicode MS,Arial Unicode MS;font-size: small\" lang=\"ZH-CN\">\u300a\u5929\u624d\u300b <\/span><\/span><\/div>\n<\/li>\n<\/ol>\n<p>Fill in the blanks with Characters and then make true of false or choose the most appropriate answers.<\/p>\n<p>&nbsp;<\/p>\n<p>1. <span style=\"font-family: Arial Unicode MS,Arial Unicode MS;font-size: small\" lang=\"ZH-CN\"><span style=\"font-family: Arial Unicode MS,Arial Unicode MS;font-size: small\" lang=\"ZH-CN\">\u9ad8\u8003\u6210\u7ee9\u51fa\u6765\u4e86\uff0c\u5b69\u5b50\u662f\u5168\u7701\u7684<\/span><\/span><span style=\"font-family: Calibri,Calibri;font-size: small\"><span style=\"font-family: Calibri,Calibri;font-size: small\">________________________.<\/span><\/span><\/p>\n<p style=\"padding-left: 210px\">g\u0101ok\u0103 zhu\u0101ngyu\u00e1n<\/p>\n<p>Which one of the following statements best summarizes the sentence above?<\/p>\n<p>a. The child is very happy with his exam results.<\/p>\n<p>b. The child placed first in college entrance exam in the province.<\/p>\n<p>&nbsp;<\/p>\n<p>2. <span style=\"font-family: Arial Unicode MS,Arial Unicode MS;font-size: small\" lang=\"ZH-CN\"><span style=\"font-family: Arial Unicode MS,Arial Unicode MS;font-size: small\" lang=\"ZH-CN\">\u8bb0\u8005<\/span><\/span><strong><span style=\"font-size: small\">_______________<\/span><\/strong><span style=\"font-family: Arial Unicode MS,Arial Unicode MS;font-size: small\" lang=\"ZH-CN\"><span style=\"font-family: Arial Unicode MS,Arial Unicode MS;font-size: small\" lang=\"ZH-CN\">\u540e\u6d8c\u8fdb\u4e86\u4ed6\u7684\u5bb6<\/span><\/span><span style=\"font-family: Calibri,Calibri;font-size: small\"><span style=\"font-family: Calibri,Calibri;font-size: small\">. <\/span><\/span><\/p>\n<p style=\"padding-left: 60px\">w\u00e9nx\u00f9n<\/p>\n<p>Upon hearing the news, reporters came to the child\u2019s home. (T or F)<\/p>\n<p>&nbsp;<\/p>\n<p>3. <span style=\"font-family: Arial Unicode MS,Arial Unicode MS;font-size: small\" lang=\"ZH-CN\"><span style=\"font-family: Arial Unicode MS,Arial Unicode MS;font-size: small\" lang=\"ZH-CN\">\u5c31\u50cf\u4e00\u4e2a\u6218\u58eb\uff0c\u6ca1\u4ed7\u53ef\u6253\u4ed6\u4eec\u5185\u5fc3\u5c31\u5f88<\/span><\/span><strong><span style=\"font-size: small\">____________________. <\/span><\/strong><\/p>\n<p style=\"padding-left: 300px\">j\u00ecm\u00f2<\/p>\n<p>Which one of the following statements is true?<\/p>\n<p>a. Soldiers feel lonely when they are far from home.<\/p>\n<p>b. Students feel relaxed when there are no tests.<\/p>\n<p>c. Soldiers feel lonely when there are no battles.<\/p>\n<p>&nbsp;<\/p>\n<p>4. <span style=\"font-family: Arial Unicode MS,Arial Unicode MS;font-size: small\" lang=\"ZH-CN\"><span style=\"font-family: Arial Unicode MS,Arial Unicode MS;font-size: small\" lang=\"ZH-CN\">\u5988\u5988\u5728\u7eb8\u4e0a\u5199\u9053\uff1a\u4f60\u4eca\u5929\u60f3\u5403\u5565\uff1f<\/span><\/span><span style=\"font-family: Calibri,Calibri;font-size: small\"><span style=\"font-family: Calibri,Calibri;font-size: small\">A<\/span><\/span><span style=\"font-family: Arial Unicode MS,Arial Unicode MS;font-size: small\" lang=\"ZH-CN\"><span style=\"font-family: Arial Unicode MS,Arial Unicode MS;font-size: small\" lang=\"ZH-CN\">\u5305\u5b50\uff1b<\/span><\/span><span style=\"font-family: Calibri,Calibri;font-size: small\"><span style=\"font-family: Calibri,Calibri;font-size: small\">B<\/span><\/span><span style=\"font-family: Arial Unicode MS,Arial Unicode MS;font-size: small\" lang=\"ZH-CN\"><span style=\"font-family: Arial Unicode MS,Arial Unicode MS;font-size: small\" lang=\"ZH-CN\">\u7c73\u996d\uff1b<\/span><\/span><span style=\"font-family: Calibri,Calibri;font-size: small\"><span style=\"font-family: Calibri,Calibri;font-size: small\">C<\/span><\/span><span style=\"font-family: Arial Unicode MS,Arial Unicode MS;font-size: small\" lang=\"ZH-CN\"><span style=\"font-family: Arial Unicode MS,Arial Unicode MS;font-size: small\" lang=\"ZH-CN\">\u9762\u6761\uff1b<\/span><\/span><span style=\"font-family: Calibri,Calibri;font-size: small\"><span style=\"font-family: Calibri,Calibri;font-size: small\">D<\/span><\/span><span style=\"font-family: Arial Unicode MS,Arial Unicode MS;font-size: small\" lang=\"ZH-CN\"><span style=\"font-family: Arial Unicode MS,Arial Unicode MS;font-size: small\" lang=\"ZH-CN\">\u7a00\u996d\u3002\u5b69\u5b50\u63a5\u8fc7\u7eb8\u6761\uff0c\u7a81\u7136\u6765\u4e86\u7cbe\u795e\uff0c\u53cc\u76ee<\/span><\/span><span style=\"font-family: Calibri,Calibri;font-size: small\"><span style=\"font-family: Calibri,Calibri;font-size: small\">___________________. <\/span><\/span><\/p>\n<p style=\"padding-left: 30px\">ji\u01d2gji\u01d2gy\u01d2sh\u00e9n<\/p>\n<p>Seeing the multiple choice questions, the child became very depressed. (T or F)<\/p>\n<p>&nbsp;<\/p>\n<p>5. <span style=\"font-family: Arial Unicode MS,Arial Unicode MS;font-size: small\" lang=\"ZH-CN\"><span style=\"font-family: Arial Unicode MS,Arial Unicode MS;font-size: small\" lang=\"ZH-CN\">\u5b69\u5b50<\/span><\/span><strong><span style=\"font-size: small\">______________________, <\/span><\/strong><span style=\"font-family: Arial Unicode MS,Arial Unicode MS;font-size: small\" lang=\"ZH-CN\"><span style=\"font-family: Arial Unicode MS,Arial Unicode MS;font-size: small\" lang=\"ZH-CN\">\u6700\u540e\u7b11\u4e86\u7b11\uff0c\u5728<\/span><\/span><span style=\"font-family: Calibri,Calibri;font-size: small\"><span style=\"font-family: Calibri,Calibri;font-size: small\">&#8220;A<\/span><\/span><span style=\"font-family: Arial Unicode MS,Arial Unicode MS;font-size: small\" lang=\"ZH-CN\"><span style=\"font-family: Arial Unicode MS,Arial Unicode MS;font-size: small\" lang=\"ZH-CN\">\u7761\u89c9<\/span><\/span><span style=\"font-family: Calibri,Calibri;font-size: small\"><span style=\"font-family: Calibri,Calibri;font-size: small\">&#8220;<\/span><\/span><span style=\"font-family: Arial Unicode MS,Arial Unicode MS;font-size: small\" lang=\"ZH-CN\"><span style=\"font-family: Arial Unicode MS,Arial Unicode MS;font-size: small\" lang=\"ZH-CN\">\u7684\u540e\u9762\u6253\u4e86\u4e2a<\/span><\/span><span style=\"font-family: Calibri,Calibri;font-size: small\"><span style=\"font-family: Calibri,Calibri;font-size: small\">&#8220;\u221a<\/span><\/span><span style=\"font-family: Arial Unicode MS,Arial Unicode MS;font-size: small\" lang=\"ZH-CN\"><span style=\"font-family: Arial Unicode MS,Arial Unicode MS;font-size: small\" lang=\"ZH-CN\">\uff0c\u7136 <\/span><\/span><\/p>\n<p style=\"padding-left: 60px\">xi\u00e0nr\u00f9 ch\u00e9ns\u012b<\/p>\n<p>\u540e\u5c31\u4e56\u4e56\u7761\u89c9\u53bb\u4e86\u3002<\/p>\n<p>Which one of the following statements is true?<\/p>\n<p>a. The child went to sleep without thinking about the choices on the paper.<\/p>\n<p>b. The child thought about the multiple choices very carefully<\/p>\n<p>&nbsp;<\/p>\n","protected":false},"excerpt":{"rendered":"<p>Quiz on \u300a\u5929\u624d\u300b Fill in the blanks with Characters and then make true of false or choose the most appropriate answers. &nbsp; 1. \u9ad8\u8003\u6210\u7ee9\u51fa\u6765\u4e86\uff0c\u5b69\u5b50\u662f\u5168\u7701\u7684________________________. g\u0101ok\u0103 zhu\u0101ngyu\u00e1n Which one of the following statements best summarizes the sentence above? a. The child &hellip; <a href=\"https:\/\/scholarblogs.emory.edu\/advancedchinese\/%e6%95%99%e8%82%b2%e4%b8%8e%e5%8d%87%e5%ad%a6\/vocabulary-quizzes\/%e3%80%8a%e5%a4%a9%e6%89%8d%e3%80%8b%e8%af%8d%e6%b1%87%e6%b5%8b%e9%aa%8c\/\">Continue reading <span class=\"meta-nav\">&rarr;<\/span><\/a><\/p>\n","protected":false},"author":309,"featured_media":0,"parent":114,"menu_order":0,"comment_status":"closed","ping_status":"closed","template":"","meta":{"footnotes":""},"class_list":["post-133","page","type-page","status-publish","hentry"],"_links":{"self":[{"href":"https:\/\/scholarblogs.emory.edu\/advancedchinese\/wp-json\/wp\/v2\/pages\/133","targetHints":{"allow":["GET"]}}],"collection":[{"href":"https:\/\/scholarblogs.emory.edu\/advancedchinese\/wp-json\/wp\/v2\/pages"}],"about":[{"href":"https:\/\/scholarblogs.emory.edu\/advancedchinese\/wp-json\/wp\/v2\/types\/page"}],"author":[{"embeddable":true,"href":"https:\/\/scholarblogs.emory.edu\/advancedchinese\/wp-json\/wp\/v2\/users\/309"}],"replies":[{"embeddable":true,"href":"https:\/\/scholarblogs.emory.edu\/advancedchinese\/wp-json\/wp\/v2\/comments?post=133"}],"version-history":[{"count":5,"href":"https:\/\/scholarblogs.emory.edu\/advancedchinese\/wp-json\/wp\/v2\/pages\/133\/revisions"}],"predecessor-version":[{"id":135,"href":"https:\/\/scholarblogs.emory.edu\/advancedchinese\/wp-json\/wp\/v2\/pages\/133\/revisions\/135"}],"up":[{"embeddable":true,"href":"https:\/\/scholarblogs.emory.edu\/advancedchinese\/wp-json\/wp\/v2\/pages\/114"}],"wp:attachment":[{"href":"https:\/\/scholarblogs.emory.edu\/advancedchinese\/wp-json\/wp\/v2\/media?parent=133"}],"curies":[{"name":"wp","href":"https:\/\/api.w.org\/{rel}","templated":true}]}}