{"id":284,"date":"2013-06-04T01:02:36","date_gmt":"2013-06-04T01:02:36","guid":{"rendered":"http:\/\/scholarblogs.emory.edu\/advancedchinese\/?page_id=284"},"modified":"2013-06-04T01:02:36","modified_gmt":"2013-06-04T01:02:36","slug":"%e3%80%8a%e9%82%a3%e5%b9%b4%e6%88%91%e4%bb%ac%e6%9b%be%e7%bb%8f%e5%90%8c%e8%b5%b6%e8%80%83%e3%80%8b%e8%af%8d%e6%b1%87%e6%b5%8b%e9%aa%8c","status":"publish","type":"page","link":"https:\/\/scholarblogs.emory.edu\/advancedchinese\/%e7%94%9f%e6%b4%bb%e4%b8%8e%e5%a5%8b%e6%96%97\/vocabularycomprehension-quizzes\/%e3%80%8a%e9%82%a3%e5%b9%b4%e6%88%91%e4%bb%ac%e6%9b%be%e7%bb%8f%e5%90%8c%e8%b5%b6%e8%80%83%e3%80%8b%e8%af%8d%e6%b1%87%e6%b5%8b%e9%aa%8c\/","title":{"rendered":"\u300a\u90a3\u5e74\u6211\u4eec\u66fe\u7ecf\u540c\u8d76\u8003\u300b\u8bcd\u6c47\u6d4b\u9a8c"},"content":{"rendered":"<p style=\"text-align: center\">Quiz \u2013 \u300a\u90a3\u5e74\u6211\u4eec\u66fe\u7ecf\u540c\u8d76\u8003\u300b<\/p>\n<p>\u00a0Fill in the blanks with characters based on the Pinyin provided and then translate the sentences into English.<\/p>\n<p style=\"padding-left: 30px\">1. _________________\u540e\uff0c\u66fe\u6d9b_________________, \u89c9\u5f97\u6d3b\u4e0b\u53bb\u6ca1\u4e86\u610f\u4e49\u3002lu\u00f2b\u0103ng\u00a0\u00a0\u00a0\u00a0\u00a0\u00a0\u00a0\u00a0\u00a0\u00a0\u00a0\u00a0\u00a0\u00a0\u00a0\u00a0\u00a0\u00a0\u00a0\u00a0\u00a0\u00a0\u00a0\u00a0\u00a0\u00a0\u00a0\u00a0\u00a0\u00a0\u00a0\u00a0\u00a0\u00a0\u00a0\u00a0\u00a0\u00a0\u00a0\u00a0\u00a0\u00a0\u00a0\u00a0y\u00edd\u00f9 xi\u0101och\u00e9n<\/p>\n<p>____________________________________________________________________________________<\/p>\n<p>____________________________________________________________________________________<\/p>\n<p>2\uff0e\u53d1\u4e86\u94b1\u5c31\u4e0d\u80fd\u7ad9\u5728\u8fd9\u91cc\uff1f \u8c01\u89c4\u5b9a\u7684\u554a\uff1f\u66fe\u6d9b_____________________________.<\/p>\n<p style=\"padding-left: 30px\">\u00a0\u00a0\u00a0\u00a0\u00a0\u00a0\u00a0\u00a0\u00a0\u00a0\u00a0\u00a0\u00a0\u00a0\u00a0\u00a0\u00a0\u00a0\u00a0\u00a0\u00a0\u00a0\u00a0\u00a0\u00a0\u00a0\u00a0\u00a0\u00a0\u00a0\u00a0\u00a0\u00a0\u00a0\u00a0\u00a0\u00a0\u00a0\u00a0\u00a0\u00a0\u00a0\u00a0\u00a0\u00a0\u00a0\u00a0\u00a0\u00a0\u00a0\u00a0\u00a0\u00a0\u00a0\u00a0\u00a0\u00a0\u00a0\u00a0\u00a0\u00a0\u00a0\u00a0\u00a0\u00a0\u00a0\u00a0\u00a0\u00a0\u00a0\u00a0\u00a0\u00a0\u00a0\u00a0\u00a0\u00a0\u00a0\u00a0\u00a0\u00a0\u00a0\u00a0\u00a0\u00a0\u00a0\u00a0\u00a0\u00a0\u00a0\u00a0\u00a0\u00a0\u00a0b\u00f9g\u0101n sh\u00ecru\u00f2<\/p>\n<p>___________________________________________________________________________________<\/p>\n<p>____________________________________________________________________________________<\/p>\n<p>3. _______________, \u66fe\u6d9b\u770b\u5230\u4e86\u4ed6\u4eec\u4e34\u65f6\u5c45\u4f4f\u7684\u5c0f\u94c1\u76ae\u623f\uff0c\u6709\u5de5\u53cb\u6b63\u51fa\u5165\u5176\u95f4\u3002<\/p>\n<p style=\"padding-left: 60px\">\u00a0 j\u016bg\u0101o l\u00ednxi\u00e0<\/p>\n<p>____________________________________________________________________________________<\/p>\n<p>____________________________________________________________________________________<\/p>\n<p>&nbsp;<\/p>\n<p>&nbsp;<\/p>\n","protected":false},"excerpt":{"rendered":"<p>Quiz \u2013 \u300a\u90a3\u5e74\u6211\u4eec\u66fe\u7ecf\u540c\u8d76\u8003\u300b \u00a0Fill in the blanks with characters based on the Pinyin provided and then translate the sentences into English. 1. _________________\u540e\uff0c\u66fe\u6d9b_________________, \u89c9\u5f97\u6d3b\u4e0b\u53bb\u6ca1\u4e86\u610f\u4e49\u3002lu\u00f2b\u0103ng\u00a0\u00a0\u00a0\u00a0\u00a0\u00a0\u00a0\u00a0\u00a0\u00a0\u00a0\u00a0\u00a0\u00a0\u00a0\u00a0\u00a0\u00a0\u00a0\u00a0\u00a0\u00a0\u00a0\u00a0\u00a0\u00a0\u00a0\u00a0\u00a0\u00a0\u00a0\u00a0\u00a0\u00a0\u00a0\u00a0\u00a0\u00a0\u00a0\u00a0\u00a0\u00a0\u00a0\u00a0y\u00edd\u00f9 xi\u0101och\u00e9n ____________________________________________________________________________________ ____________________________________________________________________________________ 2\uff0e\u53d1\u4e86\u94b1\u5c31\u4e0d\u80fd\u7ad9\u5728\u8fd9\u91cc\uff1f \u8c01\u89c4\u5b9a\u7684\u554a\uff1f\u66fe\u6d9b_____________________________. \u00a0\u00a0\u00a0\u00a0\u00a0\u00a0\u00a0\u00a0\u00a0\u00a0\u00a0\u00a0\u00a0\u00a0\u00a0\u00a0\u00a0\u00a0\u00a0\u00a0\u00a0\u00a0\u00a0\u00a0\u00a0\u00a0\u00a0\u00a0\u00a0\u00a0\u00a0\u00a0\u00a0\u00a0\u00a0\u00a0\u00a0\u00a0\u00a0\u00a0\u00a0\u00a0\u00a0\u00a0\u00a0\u00a0\u00a0\u00a0\u00a0\u00a0\u00a0\u00a0\u00a0\u00a0\u00a0\u00a0\u00a0\u00a0\u00a0\u00a0\u00a0\u00a0\u00a0\u00a0\u00a0\u00a0\u00a0\u00a0\u00a0\u00a0\u00a0\u00a0\u00a0\u00a0\u00a0\u00a0\u00a0\u00a0\u00a0\u00a0\u00a0\u00a0\u00a0\u00a0\u00a0\u00a0\u00a0\u00a0\u00a0\u00a0\u00a0\u00a0\u00a0\u00a0b\u00f9g\u0101n sh\u00ecru\u00f2 ___________________________________________________________________________________ ____________________________________________________________________________________ 3. _______________, \u66fe\u6d9b\u770b\u5230\u4e86\u4ed6\u4eec\u4e34\u65f6\u5c45\u4f4f\u7684\u5c0f\u94c1\u76ae\u623f\uff0c\u6709\u5de5\u53cb\u6b63\u51fa\u5165\u5176\u95f4\u3002 \u00a0 j\u016bg\u0101o l\u00ednxi\u00e0 ____________________________________________________________________________________ &hellip; <a href=\"https:\/\/scholarblogs.emory.edu\/advancedchinese\/%e7%94%9f%e6%b4%bb%e4%b8%8e%e5%a5%8b%e6%96%97\/vocabularycomprehension-quizzes\/%e3%80%8a%e9%82%a3%e5%b9%b4%e6%88%91%e4%bb%ac%e6%9b%be%e7%bb%8f%e5%90%8c%e8%b5%b6%e8%80%83%e3%80%8b%e8%af%8d%e6%b1%87%e6%b5%8b%e9%aa%8c\/\">Continue reading <span class=\"meta-nav\">&rarr;<\/span><\/a><\/p>\n","protected":false},"author":309,"featured_media":0,"parent":185,"menu_order":0,"comment_status":"closed","ping_status":"closed","template":"","meta":{"footnotes":""},"class_list":["post-284","page","type-page","status-publish","hentry"],"_links":{"self":[{"href":"https:\/\/scholarblogs.emory.edu\/advancedchinese\/wp-json\/wp\/v2\/pages\/284","targetHints":{"allow":["GET"]}}],"collection":[{"href":"https:\/\/scholarblogs.emory.edu\/advancedchinese\/wp-json\/wp\/v2\/pages"}],"about":[{"href":"https:\/\/scholarblogs.emory.edu\/advancedchinese\/wp-json\/wp\/v2\/types\/page"}],"author":[{"embeddable":true,"href":"https:\/\/scholarblogs.emory.edu\/advancedchinese\/wp-json\/wp\/v2\/users\/309"}],"replies":[{"embeddable":true,"href":"https:\/\/scholarblogs.emory.edu\/advancedchinese\/wp-json\/wp\/v2\/comments?post=284"}],"version-history":[{"count":2,"href":"https:\/\/scholarblogs.emory.edu\/advancedchinese\/wp-json\/wp\/v2\/pages\/284\/revisions"}],"predecessor-version":[{"id":286,"href":"https:\/\/scholarblogs.emory.edu\/advancedchinese\/wp-json\/wp\/v2\/pages\/284\/revisions\/286"}],"up":[{"embeddable":true,"href":"https:\/\/scholarblogs.emory.edu\/advancedchinese\/wp-json\/wp\/v2\/pages\/185"}],"wp:attachment":[{"href":"https:\/\/scholarblogs.emory.edu\/advancedchinese\/wp-json\/wp\/v2\/media?parent=284"}],"curies":[{"name":"wp","href":"https:\/\/api.w.org\/{rel}","templated":true}]}}