{"id":329,"date":"2013-06-06T14:04:51","date_gmt":"2013-06-06T14:04:51","guid":{"rendered":"http:\/\/scholarblogs.emory.edu\/advancedchinese\/?page_id=329"},"modified":"2013-06-06T14:15:22","modified_gmt":"2013-06-06T14:15:22","slug":"%e3%80%8a%e5%be%81%e5%a9%9a%e3%80%8b%e6%b5%8b%e9%aa%8c","status":"publish","type":"page","link":"https:\/\/scholarblogs.emory.edu\/advancedchinese\/%e7%94%9f%e6%b4%bb%e4%b8%8e%e5%a5%8b%e6%96%97\/vocabularycomprehension-quizzes\/%e3%80%8a%e5%be%81%e5%a9%9a%e3%80%8b%e6%b5%8b%e9%aa%8c\/","title":{"rendered":"\u300a\u5f81\u5a5a\u300b\u6d4b\u9a8c"},"content":{"rendered":"<p style=\"text-align: center\">Quiz on \u300a\u5f81\u5a5a\u300b<\/p>\n<p>Fill in the blanks with Characters and then make true or false or choose the most appropriate answers.<\/p>\n<p>1. \u5979\u8138\u4e0a\u7684\u76ae\u80a4_________________\u5f97\u5341\u5206\u6da6\u6cfd\uff0c\u7a7f\u6234\u65f6\u5c1a, ___________________\u3002<br \/>\n(b\u01ceo y\u01ceng, j\u01d4 zh\u01d0 d\u00e0 f\u0101ng)<br \/>\nWhich of the following statements is true?<br \/>\na) She is fashionable and poised.<br \/>\nb) She has beautiful skin and is confident.<\/p>\n<p>&nbsp;<\/p>\n<p>2. \u5979\u7684\u8981\u6c42\u6761\u4ef6\u5df2\u7ecf\u8ba9\u8bb8\u591a\u4eba\u89c9\u5f97_____________________\u4e86\u3002<br \/>\ng\u0101o b\u00f9 k\u011b p\u0101n<br \/>\nShe has extremely high standard for her future husband. (T\u00a0 or\u00a0 F)<\/p>\n<p>&nbsp;<\/p>\n<p>3. \u4ed6\u5e94__________________, \u67d4\u58f0\u7ec6\u8bed\u3002\u5bf9\u6211\u7684\u5520\u5520\u53e8\u53e8\uff0c\u4ed6\u5fc5\u987b________________<br \/>\n\u9891\u9891\u70b9\u5934\uff0c\u4e0d\u8bb8\u5fc3\u5b58\u4e0d\u6ee1\u3002<br \/>\n(h\u00e9\u00a0y\u00e1n\u00a0yu\u00e8\u00a0s\u00e8, x\u01d0 \u011br g\u014dng t\u012bng)<br \/>\nAccording to the sentence above, her future husband will have to be _______________.<br \/>\na) Kind, pleasant, and obedient.<br \/>\nb) Kind, pleasant, successful and good-looking.<\/p>\n<p>&nbsp;<\/p>\n<p>4. \u4ed6\u5e94\u8be5\u80fd\u63a5\u53d7\u6211\u662f\u4e00\u4e2a\u65b0\u601d\u7ef4\u7684\u65f6\u5c1a\u5973\u6027\u8fd9\u4e00\u4e8b\u5b9e\uff0c\u800c\u4ed6\u81ea\u5df1\u5fc5\u987b\u662f\u4e2a<br \/>\n__________________\u7684\u8001\u8111\u7b4b\u3002<br \/>\n(c\u00f3ng y\u012b \u00e9r zh\u014dng)<\/p>\n<p>She believes that her future husband should have the freedom to devoice her and\u00a0remarry. (T\u00a0 or \u00a0F)<\/p>\n","protected":false},"excerpt":{"rendered":"<p>Quiz on \u300a\u5f81\u5a5a\u300b Fill in the blanks with Characters and then make true or false or choose the most appropriate answers. 1. \u5979\u8138\u4e0a\u7684\u76ae\u80a4_________________\u5f97\u5341\u5206\u6da6\u6cfd\uff0c\u7a7f\u6234\u65f6\u5c1a, ___________________\u3002 (b\u01ceo y\u01ceng, j\u01d4 zh\u01d0 d\u00e0 f\u0101ng) Which of the following statements is true? a) She is &hellip; <a href=\"https:\/\/scholarblogs.emory.edu\/advancedchinese\/%e7%94%9f%e6%b4%bb%e4%b8%8e%e5%a5%8b%e6%96%97\/vocabularycomprehension-quizzes\/%e3%80%8a%e5%be%81%e5%a9%9a%e3%80%8b%e6%b5%8b%e9%aa%8c\/\">Continue reading <span class=\"meta-nav\">&rarr;<\/span><\/a><\/p>\n","protected":false},"author":1001,"featured_media":0,"parent":185,"menu_order":3,"comment_status":"closed","ping_status":"closed","template":"","meta":{"footnotes":""},"class_list":["post-329","page","type-page","status-publish","hentry"],"_links":{"self":[{"href":"https:\/\/scholarblogs.emory.edu\/advancedchinese\/wp-json\/wp\/v2\/pages\/329","targetHints":{"allow":["GET"]}}],"collection":[{"href":"https:\/\/scholarblogs.emory.edu\/advancedchinese\/wp-json\/wp\/v2\/pages"}],"about":[{"href":"https:\/\/scholarblogs.emory.edu\/advancedchinese\/wp-json\/wp\/v2\/types\/page"}],"author":[{"embeddable":true,"href":"https:\/\/scholarblogs.emory.edu\/advancedchinese\/wp-json\/wp\/v2\/users\/1001"}],"replies":[{"embeddable":true,"href":"https:\/\/scholarblogs.emory.edu\/advancedchinese\/wp-json\/wp\/v2\/comments?post=329"}],"version-history":[{"count":9,"href":"https:\/\/scholarblogs.emory.edu\/advancedchinese\/wp-json\/wp\/v2\/pages\/329\/revisions"}],"predecessor-version":[{"id":338,"href":"https:\/\/scholarblogs.emory.edu\/advancedchinese\/wp-json\/wp\/v2\/pages\/329\/revisions\/338"}],"up":[{"embeddable":true,"href":"https:\/\/scholarblogs.emory.edu\/advancedchinese\/wp-json\/wp\/v2\/pages\/185"}],"wp:attachment":[{"href":"https:\/\/scholarblogs.emory.edu\/advancedchinese\/wp-json\/wp\/v2\/media?parent=329"}],"curies":[{"name":"wp","href":"https:\/\/api.w.org\/{rel}","templated":true}]}}