{"id":414,"date":"2013-06-09T02:08:10","date_gmt":"2013-06-09T02:08:10","guid":{"rendered":"http:\/\/scholarblogs.emory.edu\/advancedchinese\/?page_id=414"},"modified":"2013-06-09T02:08:10","modified_gmt":"2013-06-09T02:08:10","slug":"%e3%80%8a%e5%90%8c%e6%83%85%e5%8d%b4%e6%98%af%e6%9c%80%e6%97%a0%e6%83%85%e3%80%8b%e6%b5%8b%e9%aa%8c","status":"publish","type":"page","link":"https:\/\/scholarblogs.emory.edu\/advancedchinese\/%e5%9f%8e%e5%b8%82%e4%b8%8e%e4%b9%a1%e6%9d%91\/vocabulary-quizzes\/%e3%80%8a%e5%90%8c%e6%83%85%e5%8d%b4%e6%98%af%e6%9c%80%e6%97%a0%e6%83%85%e3%80%8b%e6%b5%8b%e9%aa%8c\/","title":{"rendered":"\u300a\u540c\u60c5\u5374\u662f\u6700\u65e0\u60c5\u300b\u6d4b\u9a8c"},"content":{"rendered":"<p align=\"center\">Quiz on \u300a\u540c\u60c5\u5374\u662f\u6700\u65e0\u60c5\u300b<\/p>\n<p><strong>\u00a0<\/strong><\/p>\n<p>Fill in the blanks with Characters and then make true of false.<\/p>\n<p>&nbsp;<\/p>\n<p>1. \u4ed6\u56db\u80a2\u5065\u5168\uff0c\u65e5\u51fa\u800c\u505a\uff0c___________________________\u3002<br \/>\n\uff08r\u00eclu\u00f2 \u00e9 x\u012b\uff09<br \/>\nHe often works late at night.\u00a0 (T or F)<\/p>\n<p>&nbsp;<\/p>\n<p>2. \u4ed6\u80cc\u7740\u90a3\u4e2a\u4f3c\u4e4e\u5df2\u7ecf___________________\u4e86\u51e0\u4e2a\u4e16\u7eaa\u7684\u7834\u9ebb\u888b\u3002<br \/>\n\uff08ju\u00e9j\u00ec\uff09<br \/>\nHe carries an old hemp sack.\u00a0 (T or F)<\/p>\n<p>&nbsp;<\/p>\n<p>3. \u9a6c\u8def\u4e0a\u53c8\u591a\u4e86\u4e00\u4e2a___________________________\u3002 <strong><br \/>\n<\/strong><span style=\"color: #333333\">\uff08<a href=\"http:\/\/us1.mdbg.net\/chindict\/chindict.php?page=worddict&amp;wdrst=0&amp;wdqb=%E7%95%A5%E6%9C%89%E8%B5%B7%E8%89%B2\"><span style=\"color: #333333\">q\u01d0<\/span><\/a>g\u00e0i\uff09<br \/>\n<\/span>He becomes a beggar in the city. (T or F)<\/p>\n<p>&nbsp;<\/p>\n","protected":false},"excerpt":{"rendered":"<p>Quiz on \u300a\u540c\u60c5\u5374\u662f\u6700\u65e0\u60c5\u300b \u00a0 Fill in the blanks with Characters and then make true of false. &nbsp; 1. \u4ed6\u56db\u80a2\u5065\u5168\uff0c\u65e5\u51fa\u800c\u505a\uff0c___________________________\u3002 \uff08r\u00eclu\u00f2 \u00e9 x\u012b\uff09 He often works late at night.\u00a0 (T or F) &nbsp; 2. \u4ed6\u80cc\u7740\u90a3\u4e2a\u4f3c\u4e4e\u5df2\u7ecf___________________\u4e86\u51e0\u4e2a\u4e16\u7eaa\u7684\u7834\u9ebb\u888b\u3002 \uff08ju\u00e9j\u00ec\uff09 He carries an old hemp &hellip; <a href=\"https:\/\/scholarblogs.emory.edu\/advancedchinese\/%e5%9f%8e%e5%b8%82%e4%b8%8e%e4%b9%a1%e6%9d%91\/vocabulary-quizzes\/%e3%80%8a%e5%90%8c%e6%83%85%e5%8d%b4%e6%98%af%e6%9c%80%e6%97%a0%e6%83%85%e3%80%8b%e6%b5%8b%e9%aa%8c\/\">Continue reading <span class=\"meta-nav\">&rarr;<\/span><\/a><\/p>\n","protected":false},"author":1001,"featured_media":0,"parent":276,"menu_order":4,"comment_status":"closed","ping_status":"closed","template":"","meta":{"footnotes":""},"class_list":["post-414","page","type-page","status-publish","hentry"],"_links":{"self":[{"href":"https:\/\/scholarblogs.emory.edu\/advancedchinese\/wp-json\/wp\/v2\/pages\/414","targetHints":{"allow":["GET"]}}],"collection":[{"href":"https:\/\/scholarblogs.emory.edu\/advancedchinese\/wp-json\/wp\/v2\/pages"}],"about":[{"href":"https:\/\/scholarblogs.emory.edu\/advancedchinese\/wp-json\/wp\/v2\/types\/page"}],"author":[{"embeddable":true,"href":"https:\/\/scholarblogs.emory.edu\/advancedchinese\/wp-json\/wp\/v2\/users\/1001"}],"replies":[{"embeddable":true,"href":"https:\/\/scholarblogs.emory.edu\/advancedchinese\/wp-json\/wp\/v2\/comments?post=414"}],"version-history":[{"count":3,"href":"https:\/\/scholarblogs.emory.edu\/advancedchinese\/wp-json\/wp\/v2\/pages\/414\/revisions"}],"predecessor-version":[{"id":417,"href":"https:\/\/scholarblogs.emory.edu\/advancedchinese\/wp-json\/wp\/v2\/pages\/414\/revisions\/417"}],"up":[{"embeddable":true,"href":"https:\/\/scholarblogs.emory.edu\/advancedchinese\/wp-json\/wp\/v2\/pages\/276"}],"wp:attachment":[{"href":"https:\/\/scholarblogs.emory.edu\/advancedchinese\/wp-json\/wp\/v2\/media?parent=414"}],"curies":[{"name":"wp","href":"https:\/\/api.w.org\/{rel}","templated":true}]}}