{"id":102,"date":"2017-11-01T18:16:27","date_gmt":"2017-11-01T18:16:27","guid":{"rendered":"https:\/\/scholarblogs.emory.edu\/germaninga\/?page_id=102"},"modified":"2017-12-04T03:04:34","modified_gmt":"2017-12-04T03:04:34","slug":"new-ebenezer-damals","status":"publish","type":"page","link":"https:\/\/scholarblogs.emory.edu\/germaninga\/die-salzburger\/new-ebenezer-damals\/","title":{"rendered":"Das Leben in New Ebenezer in den 1700er Jahren"},"content":{"rendered":"<p class=\"p1\"><span class=\"s1\"><a href=\"http:\/\/visitebenezer.com\/the-salzburgers\/\">Die Salzburger<\/a>, eine Gruppe von 150 deutschsprachigen Protestanten aus Salzburg, wurden wegen ihrer Glauben aus ihrem Heimatland vertrieben. Sie wanderten in die USA aus und gr\u00fcndeten im Jahr 1734 die Stadt <a href=\"http:\/\/www.georgiaencyclopedia.org\/articles\/history-archaeology\/ebenezer\">Ebenezer<\/a> im der damaligen Kolonie Georgia. <\/span><\/p>\n<div id=\"attachment_200\" style=\"width: 310px\" class=\"wp-caption alignright\"><img loading=\"lazy\" decoding=\"async\" aria-describedby=\"caption-attachment-200\" class=\"wp-image-200 size-medium\" src=\"https:\/\/scholarblogs.emory.edu\/germaninga\/files\/2017\/12\/boltzius-300x225.jpg\" alt=\"\" width=\"300\" height=\"225\" srcset=\"https:\/\/scholarblogs.emory.edu\/germaninga\/files\/2017\/12\/boltzius-300x225.jpg 300w, https:\/\/scholarblogs.emory.edu\/germaninga\/files\/2017\/12\/boltzius-768x576.jpg 768w, https:\/\/scholarblogs.emory.edu\/germaninga\/files\/2017\/12\/boltzius-400x300.jpg 400w, https:\/\/scholarblogs.emory.edu\/germaninga\/files\/2017\/12\/boltzius.jpg 800w\" sizes=\"auto, (max-width: 300px) 100vw, 300px\" \/><p id=\"caption-attachment-200\" class=\"wp-caption-text\">Johann Martin Boltzius<\/p><\/div>\n<p class=\"p1\"><span class=\"s1\">Unter der religi\u00f6sen Leitung von <a href=\"https:\/\/de.wikipedia.org\/wiki\/Johann_Martin_Boltzius\">Pastor Boltzius<\/a> und mit der Unterst\u00fctzung des Englischen Kolonisten <a href=\"https:\/\/de.wikipedia.org\/wiki\/James_Oglethorpe\">Herrn Oglethorpe<\/a> errichteten die Salzburger ihre Stadt und die Jerusalem Kirche\u00a0wurde bald etabliert. Die Anfangsbesiedlung, Alt Ebenezer, war logistisch problematisch, denn die S\u00fcmpfe \u00fcberall ertr\u00e4nkten die Pflanzen und machten es unm\u00f6glich, Vieh zu erhalten. Au\u00dferdem war Alt Ebenezer von ander<\/span>en Besiedlungen stark abgeschieden.<\/p>\n<p class=\"p1\"><span class=\"s1\">Neu Ebenezer wurde im Jahr 1736 gegr\u00fcndet und die neue Stadt gedieh wegen der Unterst\u00fctzung der britischen Kolonisten und Treuh\u00e4nder. Die einzige Besorgnis, die auch in Alt Ebenezer prominent war, war die Gesundheitsprobleme- besonders <a href=\"https:\/\/de.wikipedia.org\/wiki\/Tropenkrankheit\">Tropenfieber<\/a>. Dahingegen wuchs die Bev\u00f6lkerung \u00fcber ein tausend Menschen in kurzer Zeit.<span class=\"Apple-converted-space\">\u00a0 <\/span>H\u00e4user und M\u00fchlen wurden gebaut und Seidenherstellung erm\u00f6glichte Wohlstand<\/span><span class=\"s1\">und wirtschaftliche Stabilit\u00e4t. Ein Waisenhaus sowie eine Sonnt<\/span><span class=\"s1\">agsschule wurden eingerichtet.\u00a0<\/span><img loading=\"lazy\" decoding=\"async\" class=\"wp-image-201 alignright\" src=\"https:\/\/scholarblogs.emory.edu\/germaninga\/files\/2017\/12\/ebenezer-300x225.jpg\" alt=\"\" width=\"300\" height=\"225\" srcset=\"https:\/\/scholarblogs.emory.edu\/germaninga\/files\/2017\/12\/ebenezer-300x225.jpg 300w, https:\/\/scholarblogs.emory.edu\/germaninga\/files\/2017\/12\/ebenezer-400x300.jpg 400w, https:\/\/scholarblogs.emory.edu\/germaninga\/files\/2017\/12\/ebenezer.jpg 650w\" sizes=\"auto, (max-width: 300px) 100vw, 300px\" \/><span class=\"s1\">Georgische Treuh\u00e4nder hatten eine Vision von kleinen Grundbesitzern, die von ihrer eigenen Arbeit profitierten und wollten gro\u00dfe Wohlstandsunterschiede vermeiden und soziale Homogenit\u00e4t aufrechthalten<\/span><span class=\"s2\">. <\/span><span class=\"s1\">Deswegen wurde die <a href=\"http:\/\/www.georgiaencyclopedia.org\/articles\/history-archaeology\/slavery-colonial-georgia\">Sklaverei<\/a> bis 1750 verboten, da die Wirtschaft selbstst\u00e4ndig war und Sklavenarbeit nicht notwendig war; die Landbesitzerzahl war auch begrenzt. Andere religi\u00f6se Fl\u00fcchtlinge wie z.B. Mitglieder der<a href=\"https:\/\/de.wikipedia.org\/wiki\/Herrnhuter_Br%C3%BCdergemeine\"> Herrnhuter Br\u00fcdergemeinde<\/a> zogen als Teil ihrer Missionskampagne auch in Ebenezer ein.<\/span><\/p>\n<p class=\"p1\"><span class=\"s1\">Ebenezer behielt Stabilit\u00e4t bis zum Unabh\u00e4ngigkeitskrieg; aber schon vorher f\u00fchrte der Tod von Pastor Boltzius zum Verlust einer Leiterfigur und die Aufhebung des Sklavenverbots ver\u00e4nderte die Dynamik der Stadt. W\u00e4hrend des Krieges errichteten Britische Truppen ihr Hauptquartier in Ebenezer, und Soldaten pl\u00fcnderten viele H\u00e4user f\u00fcr Kanonen\u00fcbung aus, benutzten Kirchen als Krankenhaus und ihre Kirchenb\u00e4nke als Brennholz. Obwohl amerikanische Truppen das Gebiet zur\u00fcckforderten, siedelten die meisten Salzburger nach dem Krieg an andere Orte um.<\/span><\/p>\n<div id=\"attachment_202\" style=\"width: 310px\" class=\"wp-caption alignnone\"><img loading=\"lazy\" decoding=\"async\" aria-describedby=\"caption-attachment-202\" class=\"size-medium wp-image-202\" src=\"https:\/\/scholarblogs.emory.edu\/germaninga\/files\/2017\/12\/jerusalem-church-300x225.jpg\" alt=\"\" width=\"300\" height=\"225\" srcset=\"https:\/\/scholarblogs.emory.edu\/germaninga\/files\/2017\/12\/jerusalem-church-300x225.jpg 300w, https:\/\/scholarblogs.emory.edu\/germaninga\/files\/2017\/12\/jerusalem-church-768x576.jpg 768w, https:\/\/scholarblogs.emory.edu\/germaninga\/files\/2017\/12\/jerusalem-church-400x300.jpg 400w, https:\/\/scholarblogs.emory.edu\/germaninga\/files\/2017\/12\/jerusalem-church.jpg 800w\" sizes=\"auto, (max-width: 300px) 100vw, 300px\" \/><p id=\"caption-attachment-202\" class=\"wp-caption-text\">Jerusalem Kirche<\/p><\/div>\n","protected":false},"excerpt":{"rendered":"<p>Die Salzburger, eine Gruppe von 150 deutschsprachigen Protestanten aus Salzburg, wurden wegen ihrer Glauben aus ihrem Heimatland vertrieben. Sie wanderten in die USA aus und gr\u00fcndeten im Jahr 1734 die Stadt Ebenezer im der damaligen Kolonie Georgia. Unter der religi\u00f6sen &hellip; <a href=\"https:\/\/scholarblogs.emory.edu\/germaninga\/die-salzburger\/new-ebenezer-damals\/\">Continue reading <span class=\"meta-nav\">&rarr;<\/span><\/a><\/p>\n","protected":false},"author":423,"featured_media":0,"parent":7,"menu_order":0,"comment_status":"closed","ping_status":"closed","template":"","meta":{"footnotes":""},"class_list":["post-102","page","type-page","status-publish","hentry"],"_links":{"self":[{"href":"https:\/\/scholarblogs.emory.edu\/germaninga\/wp-json\/wp\/v2\/pages\/102","targetHints":{"allow":["GET"]}}],"collection":[{"href":"https:\/\/scholarblogs.emory.edu\/germaninga\/wp-json\/wp\/v2\/pages"}],"about":[{"href":"https:\/\/scholarblogs.emory.edu\/germaninga\/wp-json\/wp\/v2\/types\/page"}],"author":[{"embeddable":true,"href":"https:\/\/scholarblogs.emory.edu\/germaninga\/wp-json\/wp\/v2\/users\/423"}],"replies":[{"embeddable":true,"href":"https:\/\/scholarblogs.emory.edu\/germaninga\/wp-json\/wp\/v2\/comments?post=102"}],"version-history":[{"count":3,"href":"https:\/\/scholarblogs.emory.edu\/germaninga\/wp-json\/wp\/v2\/pages\/102\/revisions"}],"predecessor-version":[{"id":203,"href":"https:\/\/scholarblogs.emory.edu\/germaninga\/wp-json\/wp\/v2\/pages\/102\/revisions\/203"}],"up":[{"embeddable":true,"href":"https:\/\/scholarblogs.emory.edu\/germaninga\/wp-json\/wp\/v2\/pages\/7"}],"wp:attachment":[{"href":"https:\/\/scholarblogs.emory.edu\/germaninga\/wp-json\/wp\/v2\/media?parent=102"}],"curies":[{"name":"wp","href":"https:\/\/api.w.org\/{rel}","templated":true}]}}