{"id":126,"date":"2017-11-07T20:39:36","date_gmt":"2017-11-07T20:39:36","guid":{"rendered":"https:\/\/scholarblogs.emory.edu\/germaninga\/?page_id=126"},"modified":"2017-12-18T22:44:43","modified_gmt":"2017-12-18T22:44:43","slug":"das-goethe-zentrum","status":"publish","type":"page","link":"https:\/\/scholarblogs.emory.edu\/germaninga\/weitere-beispiele\/das-goethe-zentrum\/","title":{"rendered":"das Goethe-Zentrum"},"content":{"rendered":"<p><img loading=\"lazy\" decoding=\"async\" class=\"alignnone size-medium wp-image-253 aligncenter\" src=\"https:\/\/scholarblogs.emory.edu\/germaninga\/files\/2017\/12\/AAEAAQAAAAAAAAXwAAAAJGY4Njc1YjUwLTZhYWMtNDQ1NS1iY2Q3LTc1MzVhNTA3NzNiZQ-300x101.png\" alt=\"\" width=\"300\" height=\"101\" srcset=\"https:\/\/scholarblogs.emory.edu\/germaninga\/files\/2017\/12\/AAEAAQAAAAAAAAXwAAAAJGY4Njc1YjUwLTZhYWMtNDQ1NS1iY2Q3LTc1MzVhNTA3NzNiZQ-300x101.png 300w, https:\/\/scholarblogs.emory.edu\/germaninga\/files\/2017\/12\/AAEAAQAAAAAAAAXwAAAAJGY4Njc1YjUwLTZhYWMtNDQ1NS1iY2Q3LTc1MzVhNTA3NzNiZQ-500x168.png 500w, https:\/\/scholarblogs.emory.edu\/germaninga\/files\/2017\/12\/AAEAAQAAAAAAAAXwAAAAJGY4Njc1YjUwLTZhYWMtNDQ1NS1iY2Q3LTc1MzVhNTA3NzNiZQ.png 646w\" sizes=\"auto, (max-width: 300px) 100vw, 300px\" \/><\/p>\n<p>Das Goethe Zentrum Atlanta ist eine Organisation in Midtown Atlanta, Georgia, die mit der lokalen Gemeinschaft arbeitet, um deutschsprachige Kulturen und Wissen weiterzuvermitteln. Das Ziel von dem Goethe Zentrum ist eine dauerhafte Beziehung zwischen Amerika und Europa zu machen und ein besseres amerikanisches Verst\u00e4ndnis der Gegenwart und der Zukunft von Europa, insbesondere Deutschland, \u00d6sterreich und die Schweiz, zu entwickeln. Durch die vielen Veranstaltungen und Initiativen von dem Goethe Zentrum werden die deutsche Sprache, deutschsprachigen Kulturen, Geschichten und Gesellschaften im S\u00fcdosten der Vereinigten Staaten gef\u00f6rdert.<\/p>\n<p>Das Goethe Zentrum Atlanta wurde im Jahr 1976 gegr\u00fcndet und es hie\u00df damals \u201edas Goethe Institut.\u201c W\u00e4hrend dieser Zeit hatte das Institut vollst\u00e4ndige finanzielle Unterst\u00fctzung von der deutschen Regierung, aber im Jahr 1996 verminderte die deutsche Regierung diese finanzielle Unterst\u00fctzung. Deshalb wurde \u201eFriends of Goethe, Inc.\u201c ins Leben gerufen, die eine gemeinn\u00fctzige Organisation war, um finanzielle Unterst\u00fctzung f\u00fcr das Zentrum aufzutreiben. Im Jahr 2007 gab es keine weitere Unterst\u00fctzung von\u00a0der deutschen Regierung und es gab Bef\u00fcrchtung, dass das Friends of Goethe, Inc. aufh\u00f6rte. Um die Schlie\u00dfung von dieser Organisation zu verhindern, wurden das Goethe-Institut Atlanta und Friends of Goethe eine Organisation, die \u201edas Goethe Zentrum Atlanta\u201c gr\u00fcndete.<\/p>\n<p>Jetzt hat das Goethe Zentrum vier Vollzeitbesch\u00e4ftigte und eine Teilzeitangestellte und j\u00e4hrlich arbeiteten diese Mitarbeiter mit Tausenden von Personen, um deutschsprachige Kulturen voranzubringen und eine best\u00e4ndige Beziehung mit Europa und Amerika zu machen. Das Zentrum hat eine gro\u00dfe Pr\u00e4senz im S\u00fcdosten der Vereinigten Staaten und es hat Unterst\u00fctzung von lokalen Firmen und Menschen in Atlanta. Eigentlich hat das Goethe Zentrum \u00fcber 2000 Mitglieder, die das Geld an das Zentrum spenden. Jedoch ist das Goethe Zentrum sehr abh\u00e4ngig von dieser finanziellen Unterst\u00fctzung, weil es wenig Einkommen hat und es durch pers\u00f6nliche Spenden, Patenschaften und spezifische Finanzhilfen finanziert wird.<\/p>\n<p><img loading=\"lazy\" decoding=\"async\" class=\"alignnone size-medium wp-image-257 aligncenter\" src=\"https:\/\/scholarblogs.emory.edu\/germaninga\/files\/2017\/12\/IMG_20171201_130733-225x300.jpg\" alt=\"\" width=\"225\" height=\"300\" srcset=\"https:\/\/scholarblogs.emory.edu\/germaninga\/files\/2017\/12\/IMG_20171201_130733-225x300.jpg 225w, https:\/\/scholarblogs.emory.edu\/germaninga\/files\/2017\/12\/IMG_20171201_130733-768x1024.jpg 768w, https:\/\/scholarblogs.emory.edu\/germaninga\/files\/2017\/12\/IMG_20171201_130733.jpg 900w\" sizes=\"auto, (max-width: 225px) 100vw, 225px\" \/><\/p>\n<p>Trotz seiner finanziellen Schwierigkeiten ist das Goethe Zentrum sehr wichtig in Atlanta, weil es ein kulturelles Herz von deutschsprachigen Kulturen im S\u00fcdosten der Vereinigten Staaten ist und es kulturelle Kompetenz zwischen Europa und Amerika f\u00f6rdert. Au\u00dferdem ist es wichtig zu beachten, dass das Goethe Zentrum Perspektiven von den verschiedenen deutschsprachigen L\u00e4ndern f\u00f6rdert \u2013 nicht nur die Kultur und Traditionen aus Deutschland. Eigentlich hat das Zentrum \u00fcber 500 B\u00fccher und DVDs \u00fcber die Geschichten, Sprache und Kulturen von vielen verschiedenen L\u00e4ndern in Europa.<\/p>\n<p><img loading=\"lazy\" decoding=\"async\" class=\"alignnone size-medium wp-image-255 aligncenter\" src=\"https:\/\/scholarblogs.emory.edu\/germaninga\/files\/2017\/12\/IMG_20171201_120056-225x300.jpg\" alt=\"\" width=\"225\" height=\"300\" srcset=\"https:\/\/scholarblogs.emory.edu\/germaninga\/files\/2017\/12\/IMG_20171201_120056-225x300.jpg 225w, https:\/\/scholarblogs.emory.edu\/germaninga\/files\/2017\/12\/IMG_20171201_120056-768x1024.jpg 768w, https:\/\/scholarblogs.emory.edu\/germaninga\/files\/2017\/12\/IMG_20171201_120056.jpg 900w\" sizes=\"auto, (max-width: 225px) 100vw, 225px\" \/><\/p>\n<p>Au\u00dferdem veranstaltet das Goethe Zentrum viele Bildungsprogramme, kulturelle Ereignisse und Freiwilligenprogramme f\u00fcr Menschen, die das Interesse f\u00fcr \u00f6sterreichische, deutsche oder schweizerische Traditionen und Kulturen haben. Zum Beispiel hat das Goethe Zentrum deutsche Sprachkurse f\u00fcr Anf\u00e4nger bis Fortgeschrittene, Filmabende mit Filmen aus verschiedenen deutschsprachigen L\u00e4ndern, einen Weihnachtsmarkt, Weinproben, Public Viewings aus Sportveranstaltungen, Musik, Oper und Theater Konzerte und viele andere kulturelle und soziale Ereignisse f\u00fcr Menschen in Atlanta.<\/p>\n<p><iframe loading=\"lazy\" title=\"14th Annual Wine Tasting\" width=\"584\" height=\"329\" src=\"https:\/\/www.youtube.com\/embed\/-aOPrTQePMs?feature=oembed\" frameborder=\"0\" allow=\"accelerometer; autoplay; clipboard-write; encrypted-media; gyroscope; picture-in-picture; web-share\" referrerpolicy=\"strict-origin-when-cross-origin\" allowfullscreen><\/iframe><\/p>\n<p>Weiterhin zielt das Goethe Zentrum darauf ab, ein positives, inklusives und aktuelles \u201eDeutschlandbild\u201c in Amerika ohne Stereotypen oder Sensationsgier aufzubauen und dar\u00fcber hinaus betont es die Kr\u00e4fte und Kulturen von deutschsprachigen L\u00e4ndern. Zum Beispiel feiert das Goethe Zentrum kein Oktoberfest, es hat nicht viele B\u00fccher \u00fcber den zweiten Weltkrieg in dem Zentrum und viele Mitarbeiter in dem Zentrum kommen aus Amerika \u2013 nicht Europa.<\/p>\n<p><iframe loading=\"lazy\" title=\"Learn German in Atlanta: 10-week courses at the Goethe-Zentrum enrolling now!\" width=\"584\" height=\"329\" src=\"https:\/\/www.youtube.com\/embed\/tz9XQPcu9mw?feature=oembed\" frameborder=\"0\" allow=\"accelerometer; autoplay; clipboard-write; encrypted-media; gyroscope; picture-in-picture; web-share\" referrerpolicy=\"strict-origin-when-cross-origin\" allowfullscreen><\/iframe><\/p>\n<p>F\u00fcr die Zukunft plant das Goethe Zentrum Atlanta weitere M\u00f6glichkeiten und Ereignisse f\u00fcr Menschen im S\u00fcdosten der Vereinigten Staaten zu vermitteln, die das Interesse f\u00fcr deutschsprachigen Kulturen haben. Au\u00dferdem will das Goethe Zentrum mehr Bildungsprogramme mit Studenten machen, um die Erforschung von deutschen Karrieren zu best\u00e4rken. Insgesamt zielt das Goethe Zentrum darauf ab, durch inklusive und aktuelle Programme ein st\u00e4rkeres Verst\u00e4ndnis in Amerika von Europa, besonders deutschsprachigen Kulturen, weiter zu entwickeln.<\/p>\n<p><img loading=\"lazy\" decoding=\"async\" class=\"alignnone size-medium wp-image-256 aligncenter\" src=\"https:\/\/scholarblogs.emory.edu\/germaninga\/files\/2017\/12\/IMG_20171201_120729-225x300.jpg\" alt=\"\" width=\"225\" height=\"300\" srcset=\"https:\/\/scholarblogs.emory.edu\/germaninga\/files\/2017\/12\/IMG_20171201_120729-225x300.jpg 225w, https:\/\/scholarblogs.emory.edu\/germaninga\/files\/2017\/12\/IMG_20171201_120729-768x1024.jpg 768w, https:\/\/scholarblogs.emory.edu\/germaninga\/files\/2017\/12\/IMG_20171201_120729.jpg 900w\" sizes=\"auto, (max-width: 225px) 100vw, 225px\" \/><\/p>\n","protected":false},"excerpt":{"rendered":"<p>Das Goethe Zentrum Atlanta ist eine Organisation in Midtown Atlanta, Georgia, die mit der lokalen Gemeinschaft arbeitet, um deutschsprachige Kulturen und Wissen weiterzuvermitteln. Das Ziel von dem Goethe Zentrum ist eine dauerhafte Beziehung zwischen Amerika und Europa zu machen und &hellip; <a href=\"https:\/\/scholarblogs.emory.edu\/germaninga\/weitere-beispiele\/das-goethe-zentrum\/\">Continue reading <span class=\"meta-nav\">&rarr;<\/span><\/a><\/p>\n","protected":false},"author":423,"featured_media":0,"parent":47,"menu_order":0,"comment_status":"closed","ping_status":"closed","template":"","meta":{"footnotes":""},"class_list":["post-126","page","type-page","status-publish","hentry"],"_links":{"self":[{"href":"https:\/\/scholarblogs.emory.edu\/germaninga\/wp-json\/wp\/v2\/pages\/126","targetHints":{"allow":["GET"]}}],"collection":[{"href":"https:\/\/scholarblogs.emory.edu\/germaninga\/wp-json\/wp\/v2\/pages"}],"about":[{"href":"https:\/\/scholarblogs.emory.edu\/germaninga\/wp-json\/wp\/v2\/types\/page"}],"author":[{"embeddable":true,"href":"https:\/\/scholarblogs.emory.edu\/germaninga\/wp-json\/wp\/v2\/users\/423"}],"replies":[{"embeddable":true,"href":"https:\/\/scholarblogs.emory.edu\/germaninga\/wp-json\/wp\/v2\/comments?post=126"}],"version-history":[{"count":2,"href":"https:\/\/scholarblogs.emory.edu\/germaninga\/wp-json\/wp\/v2\/pages\/126\/revisions"}],"predecessor-version":[{"id":264,"href":"https:\/\/scholarblogs.emory.edu\/germaninga\/wp-json\/wp\/v2\/pages\/126\/revisions\/264"}],"up":[{"embeddable":true,"href":"https:\/\/scholarblogs.emory.edu\/germaninga\/wp-json\/wp\/v2\/pages\/47"}],"wp:attachment":[{"href":"https:\/\/scholarblogs.emory.edu\/germaninga\/wp-json\/wp\/v2\/media?parent=126"}],"curies":[{"name":"wp","href":"https:\/\/api.w.org\/{rel}","templated":true}]}}