{"id":91,"date":"2017-10-30T01:53:57","date_gmt":"2017-10-30T01:53:57","guid":{"rendered":"https:\/\/scholarblogs.emory.edu\/germaninga\/?page_id=91"},"modified":"2017-11-02T01:53:13","modified_gmt":"2017-11-02T01:53:13","slug":"new-ebenezer-heute","status":"publish","type":"page","link":"https:\/\/scholarblogs.emory.edu\/germaninga\/die-salzburger\/new-ebenezer-heute\/","title":{"rendered":"New Ebenezer heute"},"content":{"rendered":"<p>Zwischen den Jahren 1727-1734 wurden Protestanten im F\u00fcrsterzbistum Salzburg vom Katholischen Erzbistum wegen ihrem Lutherischen Glauben verfolgt. Manche Lutheraner blieben als Geheimprotestanten aber die meisten fl\u00fcchten nach anderen L\u00e4ndern. Davon fanden 150 Salzburger in Georgia Zuflucht und reisten mit einem Schiff den Rhein entlang nach Rotterdam und dann \u00fcber London nach Georgia \u2013 eine Reise, die mehrere Monate dauerte. Im Jahre 1734 wurde das von Prediger Johann Martin Boltzius geleitete New Ebenezer, Georgia gegr\u00fcndet.<a href=\"#_edn1\" name=\"_ednref1\">[i]<\/a> Die Jerusalem Lutherische Kirche wurde 1769 fertiggestellt und die Siedlung blieb erfolgreich bis zur amerikanischen Revolution 1778. Die Gewalt von der britischen Invasion besch\u00e4digt die Siedlung und sie wurde immer kleiner w\u00e4hrend der n\u00e4chsten 200 Jahre.<a href=\"#_edn2\" name=\"_ednref2\">[ii]<\/a> New Ebenezer steht noch heute, klein aber stark mit einer Geschichte und einer stolzen Nachkommenschaft.<\/p>\n<p><img loading=\"lazy\" decoding=\"async\" class=\"irc_mi\" src=\"https:\/\/i.pinimg.com\/736x\/d9\/59\/1b\/d9591bad8851b0d59b6b486e765934fc--salzburger-savannah-georgia.jpg\" alt=\"Image result for salzburger in georgia USA\" width=\"581\" height=\"435\" \/><\/p>\n<p>Heute kann man die alte Siedlung noch besuchen und ganz viel \u00fcber die Geschichte erfahren. New Ebenezer ist von der nahen gro\u00dfen Stadt Savannah etwas \u00fcberschattet, aber ist trotzdem auf ihren Status als historischer Besucherort stolz. Es stehen nur wenige Geb\u00e4ude aus dem 18. Jahrhundert und die Kirche bleibt das Dorfzentrum, noch stehend nach zwei Kriegen und fast 250 Jahren; sie ist die \u00e4lteste Lutherische Kirche in Amerika.<a href=\"#_edn3\" name=\"_ednref3\">[iii]<\/a> Au\u00dfer der Kirche steht auch der alte Friedhof mit ungef\u00e4hr 250 Gr\u00e4bern von Sklaven, Salzburger-Nachkommen, und Soldaten von der Revolution.<a href=\"#_edn4\" name=\"_ednref4\">[iv]<\/a> Die Geschichte ist dem Dorf ganz wichtig und das historische Museum ist \u2013 au\u00dfer der Kirche \u2013 die Hauptattraktion. Das Museum ist ziemlich klein aber dort kann man \u00fcber die Geschichte der Einwanderung der Salzburger erfahren und viele arch\u00e4ologische Gegenst\u00e4nde anschauen, z.B. einige Bibeln und den Stadtplan.<a href=\"#_edn5\" name=\"_ednref5\">[v]<\/a><\/p>\n<div style=\"width: 591px\" class=\"wp-caption alignnone\"><img loading=\"lazy\" decoding=\"async\" class=\"irc_mi\" src=\"http:\/\/visitebenezer.com\/wp-content\/uploads\/sites\/7\/2012\/12\/DSC_0397-1024x682-960x340.jpg\" alt=\"Image result for ebenezer georgia museum\" width=\"581\" height=\"206\" \/><p class=\"wp-caption-text\">Friedhof in New Ebenezer, Georgia<\/p><\/div>\n<p>Die Nachkommenschaft ist noch stark in New Ebenezer: viele, die da heute wohnen, sind Nachkommen der ersten Einwanderer. <a href=\"http:\/\/visitebenezer.com\/the-salzburgers\/\">Der Georgia Salzburger Society<\/a> wurde von diesen Nachkommen gegr\u00fcndet und die Gruppt f\u00fchrt das Museum und pflegt die Kirche.<a href=\"#_edn6\" name=\"_ednref6\">[vi]<\/a> New Ebenezer feiert auch manche Feste, wie das \u201e<a href=\"http:\/\/visitebenezer.com\/georgia-salzburger-society\/heritage-day-festival\/\">Heritage Day Festival<\/a>\u201c am 5. September, dem Jahrestag der Salzburger-Ankunft in Georgia. Sie feiern ihre Salzburger Herkunft mit \u00f6sterreichischem Essen, Musik, und Geschichte am Marktplatz.<a href=\"#_edn7\" name=\"_ednref7\">[vii]<\/a><\/p>\n<div style=\"width: 379px\" class=\"wp-caption aligncenter\"><img loading=\"lazy\" decoding=\"async\" class=\"irc_mi\" src=\"https:\/\/upload.wikimedia.org\/wikipedia\/commons\/thumb\/5\/59\/Jerusalem_Lutheran_Church%2C_Ebenezer%2C_GA%2C_US.jpg\/1200px-Jerusalem_Lutheran_Church%2C_Ebenezer%2C_GA%2C_US.jpg\" alt=\"Image result for ebenezer georgia museum\" width=\"369\" height=\"456\" \/><p class=\"wp-caption-text\">Die Kirche in New Ebenezer, Georgia<\/p><\/div>\n<p>Die Siedlung New Ebenezer ist heute nur eine Geisterstadt aber bleibt als Erinnerung an die Salzburger Einwanderung im Jahre 1734. Die Kirche und der Friedhof dauern fast 250 Jahre an und sind die letzten Merkmale aus dem 18. Jahrhundert. Trotz der Verkleinerung der Siedlung h\u00e4lt der Geist der Salzburger durch: das Museum, der Georgia Salzburger Society, und die Feste bleiben als heutiges Feiern der Salzburger-Herkunft und Geschichte in Georgia.<\/p>\n<p><img loading=\"lazy\" decoding=\"async\" class=\"irc_mi aligncenter\" src=\"http:\/\/new.visitebenezer.com\/wp-content\/uploads\/sites\/7\/2015\/05\/Picture2-300x156.png\" alt=\"Image result for ebenezer georgia museum\" width=\"300\" height=\"156\" \/><\/p>\n<p><a href=\"#_ednref1\" name=\"_edn1\"><\/a><strong>References<\/strong><\/p>\n<p>[i] Jones, Charles Colcock. <em>Dead Towns of Georgia.<\/em> S.I.: Hanse, 1878. Print.<\/p>\n<p><a href=\"#_ednref2\" name=\"_edn2\">[ii]<\/a> Historic Effingham Society. <em>Effingham County<\/em>. Charleston: Arcadia, 2001. Print.<\/p>\n<p><a href=\"#_ednref3\" name=\"_edn3\">[iii]<\/a> &#8220;Jerusalem Lutheran Church.&#8221; <em>Visit Ebenezer GA: Home of the Georgia Salzburger Society<\/em>. Web. 04 Oct. 2017.<\/p>\n<p><a href=\"#_ednref4\" name=\"_edn4\">[iv]<\/a> \u201cJerusalem Church Cemetery.\u201d <em>Visit Ebenezer GA: Home of the Georgia Salzburger Society<\/em>. Web. 04 Oct. 2017.<\/p>\n<p><a href=\"#_ednref5\" name=\"_edn5\">[v]<\/a> Elliott, Daniel T.; Elliott, Rita F. (1991). &#8220;Seasons in the Sun: 1989 &amp; 1990 Excavations at New Ebenezer.&#8221; The LAMAR Institute<em>.<\/em><\/p>\n<p><a href=\"#_ednref6\" name=\"_edn6\">[vi]<\/a> &#8220;Georgia Salzburger Society.&#8221; <em>Visit Ebenezer GA: Home of the Georgia Salzburger Society<\/em>. Web. 04 Oct. 2017.<\/p>\n<p><a href=\"#_ednref7\" name=\"_edn7\">[vii]<\/a> \u201cHeritage Day Festival.\u201d <em>Visit Ebenezer GA: Home of the Georgia Salzburger Society<\/em>. Web. 04 Oct. 2017.<\/p>\n","protected":false},"excerpt":{"rendered":"<p>Zwischen den Jahren 1727-1734 wurden Protestanten im F\u00fcrsterzbistum Salzburg vom Katholischen Erzbistum wegen ihrem Lutherischen Glauben verfolgt. Manche Lutheraner blieben als Geheimprotestanten aber die meisten fl\u00fcchten nach anderen L\u00e4ndern. Davon fanden 150 Salzburger in Georgia Zuflucht und reisten mit einem &hellip; <a href=\"https:\/\/scholarblogs.emory.edu\/germaninga\/die-salzburger\/new-ebenezer-heute\/\">Continue reading <span class=\"meta-nav\">&rarr;<\/span><\/a><\/p>\n","protected":false},"author":4960,"featured_media":0,"parent":7,"menu_order":0,"comment_status":"closed","ping_status":"closed","template":"","meta":{"footnotes":""},"class_list":["post-91","page","type-page","status-publish","hentry"],"_links":{"self":[{"href":"https:\/\/scholarblogs.emory.edu\/germaninga\/wp-json\/wp\/v2\/pages\/91","targetHints":{"allow":["GET"]}}],"collection":[{"href":"https:\/\/scholarblogs.emory.edu\/germaninga\/wp-json\/wp\/v2\/pages"}],"about":[{"href":"https:\/\/scholarblogs.emory.edu\/germaninga\/wp-json\/wp\/v2\/types\/page"}],"author":[{"embeddable":true,"href":"https:\/\/scholarblogs.emory.edu\/germaninga\/wp-json\/wp\/v2\/users\/4960"}],"replies":[{"embeddable":true,"href":"https:\/\/scholarblogs.emory.edu\/germaninga\/wp-json\/wp\/v2\/comments?post=91"}],"version-history":[{"count":2,"href":"https:\/\/scholarblogs.emory.edu\/germaninga\/wp-json\/wp\/v2\/pages\/91\/revisions"}],"predecessor-version":[{"id":108,"href":"https:\/\/scholarblogs.emory.edu\/germaninga\/wp-json\/wp\/v2\/pages\/91\/revisions\/108"}],"up":[{"embeddable":true,"href":"https:\/\/scholarblogs.emory.edu\/germaninga\/wp-json\/wp\/v2\/pages\/7"}],"wp:attachment":[{"href":"https:\/\/scholarblogs.emory.edu\/germaninga\/wp-json\/wp\/v2\/media?parent=91"}],"curies":[{"name":"wp","href":"https:\/\/api.w.org\/{rel}","templated":true}]}}