{"id":10,"date":"2019-08-28T14:15:57","date_gmt":"2019-08-28T14:15:57","guid":{"rendered":"https:\/\/scholarblogs.emory.edu\/medialusophoneworldfall2019\/?page_id=10"},"modified":"2019-08-28T23:53:10","modified_gmt":"2019-08-29T03:53:10","slug":"bem-vindos-a-port-285r-noticias-no-mundo-lusofono","status":"publish","type":"page","link":"https:\/\/scholarblogs.emory.edu\/medialusophoneworldfall2019\/","title":{"rendered":"Bem-Vindos a PORT 285: Not\u00edcias no Mundo Lus\u00f3fono"},"content":{"rendered":"<p>Aqui vai uma lista inicial de jornais e revistas online:<\/p>\n<p>(Tendo em conta o car\u00e1cter colaborativo deste projecto, os alunos ir\u00e3o contribuir outros t\u00edtulos de peri\u00f3dicos, os quais ser\u00e3o acrescentados ao longo do semestre.)<\/p>\n<p>em Portugal:<\/p>\n<ul>\n<li><a title=\"Publico\" href=\"http:\/\/www.publico.pt\/\">O P\u00fablico<\/a><\/li>\n<li><a title=\"Di\u00e1rio de Not\u00edcias\" href=\"http:\/\/www.dn.pt\/inicio\/default.aspx\" target=\"_blank\" rel=\"noopener noreferrer\">O Di\u00e1rio de Not\u00edcias<\/a><\/li>\n<li><a href=\"http:\/\/www.cmjornal.xl.pt\/\" target=\"_blank\" rel=\"noopener noreferrer\">O Correio da Manh\u00e3<\/a><\/li>\n<li><a href=\"http:\/\/visao.sapo.pt\/\" target=\"_blank\" rel=\"noopener noreferrer\">A Vis\u00e3o<\/a><\/li>\n<li><a href=\"http:\/\/expresso.sapo.pt\/\" target=\"_blank\" rel=\"noopener noreferrer\">Expresso<\/a><\/li>\n<li><a href=\"http:\/\/visao.sapo.pt\/jornal-de-letras=s25193\" target=\"_blank\" rel=\"noopener noreferrer\">Jornal de Letras, Artes e Ideias<\/a><\/li>\n<li><a title=\"A Bola\" href=\"http:\/\/www.abola.pt\/\" target=\"_blank\" rel=\"noopener noreferrer\">A Bola<\/a><\/li>\n<li><a href=\"http:\/\/www.sabado.pt\/\" target=\"_blank\" rel=\"noopener noreferrer\">S\u00e1bado<\/a><\/li>\n<\/ul>\n<p>no Brasil:<\/p>\n<ul>\n<li><a title=\"Folha de S\u00e3o Paulo\" href=\"http:\/\/www.folha.uol.com.br\/\" target=\"_blank\" rel=\"noopener noreferrer\">Folha de S\u00e3o Paulo<\/a><\/li>\n<li><a href=\"http:\/\/www.otempo.com.br\/super-noticia\/\" target=\"_blank\" rel=\"noopener noreferrer\">Super Not\u00edcia<\/a><\/li>\n<li><a href=\"http:\/\/oglobo.globo.com\/\" target=\"_blank\" rel=\"noopener noreferrer\">O Globo<\/a><\/li>\n<li>O<a href=\"http:\/\/www.estadao.com.br\/\" target=\"_blank\" rel=\"noopener noreferrer\"> Estado de S\u00e3o Paulo<\/a><\/li>\n<li><a title=\"extra\" href=\"http:\/\/extra.globo.com\/\" target=\"_blank\" rel=\"noopener noreferrer\">Extra<\/a><\/li>\n<li><a href=\"http:\/\/zh.clicrbs.com.br\/rs\/\" target=\"_blank\" rel=\"noopener noreferrer\">Zero Hora<\/a><\/li>\n<li><a href=\"http:\/\/diariogaucho.clicrbs.com.br\/rs\/\" target=\"_blank\" rel=\"noopener noreferrer\">Di\u00e1rio Ga\u00facho<\/a><\/li>\n<li><a href=\"http:\/\/veja.abril.com.br\/\" target=\"_blank\" rel=\"noopener noreferrer\">Veja<\/a><\/li>\n<li><a href=\"http:\/\/www.istoe.com.br\/capa\" target=\"_blank\" rel=\"noopener noreferrer\">Isto\u00e9<\/a><\/li>\n<li><a href=\"http:\/\/epoca.globo.com\/\" target=\"_blank\" rel=\"noopener noreferrer\">\u00c9poca<\/a><\/li>\n<li><a href=\"https:\/\/catracalivre.com.br\">Catraca Livre<\/a><\/li>\n<li><a href=\"https:\/\/www.nexojornal.com.br\">Nexo Jornal<\/a><\/li>\n<li><a href=\"https:\/\/theintercept.com\/brasil\/\">The Intercept Brasil<\/a><\/li>\n<li><a href=\"https:\/\/brasil.elpais.com\/tag\/brasil\">El Pa\u00eds Brasil<\/a><\/li>\n<\/ul>\n<p>Em Angola:<\/p>\n<ul>\n<li><a href=\"http:\/\/jornaldeangola.sapo.ao\/\/\" target=\"_blank\" rel=\"noopener noreferrer\">Jornal de Angola<\/a><\/li>\n<li><a href=\"http:\/\/opais.co.ao\/\" target=\"_blank\" rel=\"noopener noreferrer\">O Pa\u00eds<\/a><\/li>\n<li><a href=\"http:\/\/www.novojornal.co.ao\/\" target=\"_blank\" rel=\"noopener noreferrer\">Novo Jornal<\/a><\/li>\n<li><a href=\"http:\/\/jornalf8.net\/\" target=\"_blank\" rel=\"noopener noreferrer\">Folha 8<\/a><\/li>\n<\/ul>\n<p>Em Cabo-Verde:<\/p>\n<ul>\n<li><a href=\"https:\/\/www.facebook.com\/anacaocaboverde\/\" target=\"_blank\" rel=\"noopener noreferrer\">A Na\u00e7\u00e3o<\/a><\/li>\n<li><a href=\"http:\/\/www.sapo.cv\">O Sapo Cabo-Verde<\/a><\/li>\n<\/ul>\n<p>Em Mo\u00e7ambique:<\/p>\n<ul>\n<li><a href=\"http:\/\/www.verdade.co.mz\/\" target=\"_blank\" rel=\"noopener noreferrer\">Jornal Verdade<\/a><\/li>\n<li><a href=\"http:\/\/opais.sapo.mz\/\" target=\"_blank\" rel=\"noopener noreferrer\">O Pa\u00eds<\/a><\/li>\n<li><a href=\"https:\/\/www.jornalnoticias.co.mz\">Jornal Not\u00edcias<\/a><\/li>\n<\/ul>\n<p>Em Guin\u00e9 Bissau:<\/p>\n<ul>\n<li><a href=\"http:\/\/www.gnbissau.com\" target=\"_blank\" rel=\"noopener noreferrer\">Gazeta de Not\u00edcias<\/a><\/li>\n<li><a href=\"http:\/\/www.odemocratagb.com\/\" target=\"_blank\" rel=\"noopener noreferrer\">O Democrata<\/a><\/li>\n<li><a href=\"https:\/\/24.sapo.pt\/tag\/guine-bissau\">Sapo 24<\/a><\/li>\n<\/ul>\n<p>Em S\u00e3o Tom\u00e9 e Pr\u00edncipe:<\/p>\n<ul>\n<li><a href=\"http:\/\/www.jornaltropical.st\/\" target=\"_blank\" rel=\"noopener noreferrer\">Jornal Tropical<\/a><\/li>\n<li><a href=\"http:\/\/www.jornaltransparencia.st\/\" target=\"_blank\" rel=\"noopener noreferrer\">Jornal Transpar\u00eancia<\/a><\/li>\n<li><a href=\"https:\/\/www.telanon.info\">T\u00e9la N\u00f3n<\/a><\/li>\n<\/ul>\n<p>Em Timor Leste:<\/p>\n<ul>\n<li><a href=\"https:\/\/www.dn.pt\/tag\/timor-leste.html\">Di\u00e1rio de Not\u00edcias<\/a><\/li>\n<\/ul>\n<p>&nbsp;<\/p>\n","protected":false},"excerpt":{"rendered":"<p>Aqui vai uma lista inicial de jornais e revistas online: (Tendo em conta o car\u00e1cter colaborativo deste projecto, os alunos ir\u00e3o contribuir outros t\u00edtulos de peri\u00f3dicos, os quais ser\u00e3o acrescentados ao longo do semestre.) em Portugal: O P\u00fablico O Di\u00e1rio &hellip; <a href=\"https:\/\/scholarblogs.emory.edu\/medialusophoneworldfall2019\/\">Continue reading <span class=\"meta-nav\">&rarr;<\/span><\/a><\/p>\n","protected":false},"author":1979,"featured_media":0,"parent":0,"menu_order":0,"comment_status":"closed","ping_status":"closed","template":"","meta":{"footnotes":""},"class_list":["post-10","page","type-page","status-publish","hentry"],"_links":{"self":[{"href":"https:\/\/scholarblogs.emory.edu\/medialusophoneworldfall2019\/wp-json\/wp\/v2\/pages\/10","targetHints":{"allow":["GET"]}}],"collection":[{"href":"https:\/\/scholarblogs.emory.edu\/medialusophoneworldfall2019\/wp-json\/wp\/v2\/pages"}],"about":[{"href":"https:\/\/scholarblogs.emory.edu\/medialusophoneworldfall2019\/wp-json\/wp\/v2\/types\/page"}],"author":[{"embeddable":true,"href":"https:\/\/scholarblogs.emory.edu\/medialusophoneworldfall2019\/wp-json\/wp\/v2\/users\/1979"}],"replies":[{"embeddable":true,"href":"https:\/\/scholarblogs.emory.edu\/medialusophoneworldfall2019\/wp-json\/wp\/v2\/comments?post=10"}],"version-history":[{"count":5,"href":"https:\/\/scholarblogs.emory.edu\/medialusophoneworldfall2019\/wp-json\/wp\/v2\/pages\/10\/revisions"}],"predecessor-version":[{"id":27,"href":"https:\/\/scholarblogs.emory.edu\/medialusophoneworldfall2019\/wp-json\/wp\/v2\/pages\/10\/revisions\/27"}],"wp:attachment":[{"href":"https:\/\/scholarblogs.emory.edu\/medialusophoneworldfall2019\/wp-json\/wp\/v2\/media?parent=10"}],"curies":[{"name":"wp","href":"https:\/\/api.w.org\/{rel}","templated":true}]}}