{"id":140,"date":"2021-09-07T15:06:26","date_gmt":"2021-09-07T19:06:26","guid":{"rendered":"https:\/\/scholarblogs.emory.edu\/medialusophoneworldfall2021\/?page_id=140"},"modified":"2021-09-07T15:24:35","modified_gmt":"2021-09-07T19:24:35","slug":"sejam-muito-bem-vindxs-a-port-285","status":"publish","type":"page","link":"https:\/\/scholarblogs.emory.edu\/medialusophoneworldfall2021\/","title":{"rendered":"Sejam muito bem-vindxs a PORT 285!"},"content":{"rendered":"\n<p>Ol\u00e1, pessoal! Estamos muito felizes de t\u00ea-lxs aqui para o curso de PORT 285 deste outono, cujo foco \u00e9 a <em>m\u00eddia no mundo lus\u00f3fono<\/em>. O objetivo do nosso curso \u00e9 explorar como, nos diferentes pa\u00edses em que o Portugu\u00eas \u00e9 uma l\u00edngua oficial, jornais e revistas se reportam a acontecimentos, imprimem perspectivas e se posicionam de maneira expl\u00edcita ou impl\u00edcita.<\/p>\n\n\n\n<div class=\"wp-block-image is-style-default\"><figure class=\"aligncenter size-large is-resized\"><img loading=\"lazy\" decoding=\"async\" src=\"https:\/\/scholarblogs.emory.edu\/medialusophoneworldfall2021\/files\/2021\/09\/newspaper-943004_1280-1024x643.jpg\" alt=\"\" class=\"wp-image-145\" width=\"473\" height=\"297\" srcset=\"https:\/\/scholarblogs.emory.edu\/medialusophoneworldfall2021\/files\/2021\/09\/newspaper-943004_1280-1024x643.jpg 1024w, https:\/\/scholarblogs.emory.edu\/medialusophoneworldfall2021\/files\/2021\/09\/newspaper-943004_1280-300x189.jpg 300w, https:\/\/scholarblogs.emory.edu\/medialusophoneworldfall2021\/files\/2021\/09\/newspaper-943004_1280-768x483.jpg 768w, https:\/\/scholarblogs.emory.edu\/medialusophoneworldfall2021\/files\/2021\/09\/newspaper-943004_1280.jpg 1200w\" sizes=\"auto, (max-width: 473px) 100vw, 473px\" \/><\/figure><\/div>\n\n\n\n<p>A partir das sugest\u00f5es de voc\u00eas, nosso curso foi organizado ao redor de cinco temas: <strong>Pol\u00edtica I<\/strong>, <strong>Cultura<\/strong>, <strong>Sa\u00fade<\/strong>, <strong>Pol\u00edtica II <\/strong>e <strong>Tecnologia<\/strong>. Dedicaremos duas semanas a cada um deles. Na primeira semana, todxs nos debru\u00e7aremos sobre os mesmos textos; na segunda, voc\u00eas mesmos encontrar\u00e3o e escrever\u00e3o sobre textos que julgarem interessantes. As informa\u00e7\u00f5es detalhadas est\u00e3o dispon\u00edveis no <em>syllabus<\/em>, que voc\u00eas podem encontrar no Canvas.<\/p>\n\n\n\n<p>Ah! <a rel=\"noreferrer noopener\" href=\"https:\/\/guides.libraries.emory.edu\/Port285\" target=\"_blank\">Nesta p\u00e1gina<\/a>, voc\u00eas podem encontrar uma s\u00e9rie de recursos \u00fateis: links para jornais e revistas do mundo lus\u00f3fono, assim como para os bancos de dados dispon\u00edveis aqui na Emory. Esperamos que esse reposit\u00f3rio seja \u00fatil.<\/p>\n\n\n\n<p>Obrigado a todxs por estarem aqui. \u00c9 um prazer dividir esse espa\u00e7o e aprender com cada um de voc\u00eas. \ud83d\ude42<\/p>\n\n\n\n<p><\/p>\n\n\n\n<p> <\/p>\n","protected":false},"excerpt":{"rendered":"<p>Ol\u00e1, pessoal! Estamos muito felizes de t\u00ea-lxs aqui para o curso de PORT 285 deste outono, cujo foco \u00e9 a m\u00eddia no mundo lus\u00f3fono. O objetivo do nosso curso \u00e9 explorar como, nos diferentes pa\u00edses em que o Portugu\u00eas \u00e9 &hellip; <a href=\"https:\/\/scholarblogs.emory.edu\/medialusophoneworldfall2021\/\">Continue reading <span class=\"meta-nav\">&rarr;<\/span><\/a><\/p>\n","protected":false},"author":7481,"featured_media":0,"parent":0,"menu_order":0,"comment_status":"closed","ping_status":"closed","template":"","meta":{"footnotes":""},"class_list":["post-140","page","type-page","status-publish","hentry"],"_links":{"self":[{"href":"https:\/\/scholarblogs.emory.edu\/medialusophoneworldfall2021\/wp-json\/wp\/v2\/pages\/140","targetHints":{"allow":["GET"]}}],"collection":[{"href":"https:\/\/scholarblogs.emory.edu\/medialusophoneworldfall2021\/wp-json\/wp\/v2\/pages"}],"about":[{"href":"https:\/\/scholarblogs.emory.edu\/medialusophoneworldfall2021\/wp-json\/wp\/v2\/types\/page"}],"author":[{"embeddable":true,"href":"https:\/\/scholarblogs.emory.edu\/medialusophoneworldfall2021\/wp-json\/wp\/v2\/users\/7481"}],"replies":[{"embeddable":true,"href":"https:\/\/scholarblogs.emory.edu\/medialusophoneworldfall2021\/wp-json\/wp\/v2\/comments?post=140"}],"version-history":[{"count":13,"href":"https:\/\/scholarblogs.emory.edu\/medialusophoneworldfall2021\/wp-json\/wp\/v2\/pages\/140\/revisions"}],"predecessor-version":[{"id":162,"href":"https:\/\/scholarblogs.emory.edu\/medialusophoneworldfall2021\/wp-json\/wp\/v2\/pages\/140\/revisions\/162"}],"wp:attachment":[{"href":"https:\/\/scholarblogs.emory.edu\/medialusophoneworldfall2021\/wp-json\/wp\/v2\/media?parent=140"}],"curies":[{"name":"wp","href":"https:\/\/api.w.org\/{rel}","templated":true}]}}