{"id":39,"date":"2025-04-03T19:30:17","date_gmt":"2025-04-03T19:30:17","guid":{"rendered":"https:\/\/scholarblogs.emory.edu\/re-museeimaginaire\/?page_id=39"},"modified":"2025-05-21T11:09:29","modified_gmt":"2025-05-21T11:09:29","slug":"posts","status":"publish","type":"page","link":"https:\/\/scholarblogs.emory.edu\/re-museeimaginaire\/posts\/","title":{"rendered":""},"content":{"rendered":"\n<div class=\"wp-block-cover is-light\" style=\"min-height:230px;aspect-ratio:unset;\"><span aria-hidden=\"true\" class=\"wp-block-cover__background has-background-dim\" style=\"background-color:#FFF\"><\/span><img loading=\"lazy\" decoding=\"async\" width=\"1200\" height=\"847\" class=\"wp-block-cover__image-background wp-image-119\" alt=\"\" src=\"http:\/\/scholarblogs.emory.edu\/re-museeimaginaire\/files\/2025\/04\/drums.jpg\" data-object-fit=\"cover\" srcset=\"https:\/\/scholarblogs.emory.edu\/re-museeimaginaire\/files\/2025\/04\/drums.jpg 1200w, https:\/\/scholarblogs.emory.edu\/re-museeimaginaire\/files\/2025\/04\/drums-300x212.jpg 300w, https:\/\/scholarblogs.emory.edu\/re-museeimaginaire\/files\/2025\/04\/drums-1024x723.jpg 1024w, https:\/\/scholarblogs.emory.edu\/re-museeimaginaire\/files\/2025\/04\/drums-768x542.jpg 768w\" sizes=\"auto, (max-width: 1200px) 100vw, 1200px\" \/><div class=\"wp-block-cover__inner-container is-layout-flow wp-block-cover-is-layout-flow\">\n<p class=\"has-text-align-center has-large-font-size\"><strong> Art and Dialogues<\/strong> <\/p>\n<\/div><\/div>\n\n\n\n<figure class=\"wp-block-pullquote has-text-align-center has-primary-color has-text-color has-link-color wp-elements-006aa3a74823d0552a3235a5f11b2d2d\"><blockquote><p>&#8220;The museum is not only a place of preservation; it is a place of metamorphosis.&#8221;<\/p><cite>Andr\u00e9 Malraux,&nbsp;<em>The Voices of Silence<\/em><\/cite><\/blockquote><\/figure>\n\n\n\n<p class=\"has-text-align-left has-contrast-color has-secondary-background-color has-text-color has-background has-link-color wp-elements-b3da64c1af7733cb85545b3be64d2ba6\" style=\"margin-top:var(--wp--preset--spacing--90);margin-right:var(--wp--preset--spacing--50);margin-bottom:var(--wp--preset--spacing--90);margin-left:var(--wp--preset--spacing--50)\">Traditional African art objects typically did not exist in isolation. Some were used ceremonially, in relation to bodies, places, and other objects. This section brings selected works from the Michael C. Carlos Museum&#8217;s collection into conversation, drawing out shared histories and the layered contexts that link them across time and space. Here I present visual groupings of select objects as an attempt at reuniting what might be separated in museums, and by so doing, listening for dialogues that emerge in the spaces between.<\/p>\n\n\n\n<p class=\"has-text-align-center\">In these collages, I trouble the notion of acquiring knowledge through constructed narratives, particularly when objects are decontextualized and reinterpreted due to transnational movements and flows. In this imaginary museum, I invite readers to contemplate the significance and limitations of knowledge creation in the context of a museum&#8217;s curatorial work. I also explore the concept of opacity, both theoretically and in the design of the collages, examining which objects and narratives are foregrounded and which remain concealed.<\/p>\n\n\n\n<!--nextpage-->\n\n\n\n<p class=\"has-text-align-center\"><strong>The Diviner&#8217;s Toolkit<\/strong><\/p>\n\n\n\n<figure class=\"wp-block-image aligncenter size-large is-resized is-style-default\"><img loading=\"lazy\" decoding=\"async\" width=\"1024\" height=\"595\" src=\"https:\/\/scholarblogs.emory.edu\/re-museeimaginaire\/files\/2025\/04\/The-Diviners-Toolkit-1024x595.png\" alt=\"\" class=\"wp-image-69\" style=\"width:642px;height:auto\" srcset=\"https:\/\/scholarblogs.emory.edu\/re-museeimaginaire\/files\/2025\/04\/The-Diviners-Toolkit-1024x595.png 1024w, https:\/\/scholarblogs.emory.edu\/re-museeimaginaire\/files\/2025\/04\/The-Diviners-Toolkit-300x174.png 300w, https:\/\/scholarblogs.emory.edu\/re-museeimaginaire\/files\/2025\/04\/The-Diviners-Toolkit-768x446.png 768w, https:\/\/scholarblogs.emory.edu\/re-museeimaginaire\/files\/2025\/04\/The-Diviners-Toolkit.png 1200w\" sizes=\"auto, (max-width: 1024px) 100vw, 1024px\" \/><\/figure>\n\n\n\n<p class=\"has-text-align-center\"><sub><em>Objects, sprawled out on a white background<\/em> &#8211;<em> a visual cacophony bounded by a frame. Each objects firmly occupies its own space, establishing its own frame of reference. The objects and a man are placed together quite disjointedly and in no particular order. How coherent is this arrangement and narrative? We know that the objects belong to a shared practice of divination<\/em><\/sub><em><sub>. They are clearly laid out for the viewer to draw out a narrative.<\/sub><\/em><\/p>\n\n\n\n<figure class=\"wp-block-image aligncenter size-large is-resized\"><img loading=\"lazy\" decoding=\"async\" width=\"1024\" height=\"731\" src=\"http:\/\/scholarblogs.emory.edu\/re-museeimaginaire\/files\/2025\/04\/diviner-copy-1024x731.jpg\" alt=\"\" class=\"wp-image-136\" style=\"width:636px;height:auto\" srcset=\"https:\/\/scholarblogs.emory.edu\/re-museeimaginaire\/files\/2025\/04\/diviner-copy-1024x731.jpg 1024w, https:\/\/scholarblogs.emory.edu\/re-museeimaginaire\/files\/2025\/04\/diviner-copy-300x214.jpg 300w, https:\/\/scholarblogs.emory.edu\/re-museeimaginaire\/files\/2025\/04\/diviner-copy-768x548.jpg 768w, https:\/\/scholarblogs.emory.edu\/re-museeimaginaire\/files\/2025\/04\/diviner-copy.jpg 1200w\" sizes=\"auto, (max-width: 1024px) 100vw, 1024px\" \/><\/figure>\n\n\n\n<p class=\"has-text-align-center\"><sub><em>A middle-aged man dressed in Yoruba traditional attire crouches on the floor. A table is laid out in front of him, with objects placed on it. He seems suspended in a palatial space that recedes beyond our vision. <\/em><\/sub><em><sub> The man&#8217;s  image in black and white blends with the background. The objects and the table are colored and foregrounded, revealing the contents to the viewer.<\/sub><\/em><\/p>\n\n\n\n<p class=\"has-text-align-left\">This group, which I have titled <em>\u201cThe Diviner\u2019s Toolkit,\u201d <\/em>comprises four items from the Carlos Museum collection related to If\u00e1 Divination:<\/p>\n\n\n\n<ul class=\"wp-block-list\">\n<li>A Divination Tray <sub><em>Op\u00f3n If\u00e1<\/em><\/sub><\/li>\n\n\n\n<li>A Divination Bowl with Lid<\/li>\n\n\n\n<li>A Diviner&#8217;s Necklace, and<\/li>\n\n\n\n<li>A Diviner&#8217;s Bag <sub><em>\u00c0p\u00f2 If\u00e1.<\/em><\/sub><\/li>\n<\/ul>\n\n\n\n<p><sup><strong>This Youtube video has been added to provide more contextual information about the objects:<\/strong><\/sup><\/p>\n\n\n\n<figure class=\"wp-block-embed is-type-video is-provider-youtube wp-block-embed-youtube wp-embed-aspect-4-3 wp-has-aspect-ratio\"><div class=\"wp-block-embed__wrapper\">\n<iframe loading=\"lazy\" title=\"The Ifa Divination System\" width=\"500\" height=\"375\" src=\"https:\/\/www.youtube.com\/embed\/k9lGVF6jYN4?feature=oembed\" frameborder=\"0\" allow=\"accelerometer; autoplay; clipboard-write; encrypted-media; gyroscope; picture-in-picture; web-share\" referrerpolicy=\"strict-origin-when-cross-origin\" allowfullscreen><\/iframe>\n<\/div><\/figure>\n\n\n\n<p><sub><em>The Diviner&#8217;s Toolkit<\/em> by &#8216;Bukunmi Bifarin is licensed under&nbsp;<a href=\"https:\/\/nam11.safelinks.protection.outlook.com\/?url=https%3A%2F%2Fcreativecommons.org%2Flicenses%2Fby-nc-sa%2F4.0%2Fdeed.en&amp;data=05%7C02%7Cbukunmi.bifarin%40emory.edu%7C459bc63043c24cf1eeb708dd60c11128%7Ce004fb9cb0a4424fbcd0322606d5df38%7C0%7C0%7C638773104554732965%7CUnknown%7CTWFpbGZsb3d8eyJFbXB0eU1hcGkiOnRydWUsIlYiOiIwLjAuMDAwMCIsIlAiOiJXaW4zMiIsIkFOIjoiTWFpbCIsIldUIjoyfQ%3D%3D%7C0%7C%7C%7C&amp;sdata=MXflejx46i4OoJvZy7PtjHtNG6R44OgnVEPBxklxijA%3D&amp;reserved=0\" target=\"_blank\" rel=\"noreferrer noopener\">CC BY-NC-SA<\/a>&nbsp;4.0 and is a derivative of&nbsp;Divination Bowl with Lid (<a href=\"https:\/\/collections.carlos.emory.edu\/objects\/19941\/divination-bowl-with-lid?ctx=d1bd02a63d69edd716931d02ab646e63e9855c80&amp;idx=58\">Link<\/a>), Divination Tray, Opon Ifa (<a href=\"https:\/\/collections.carlos.emory.edu\/objects\/17375\/divination-tray-opon-ifa?ctx=d1bd02a63d69edd716931d02ab646e63e9855c80&amp;idx=62\">Link<\/a>), Diviner&#8217;s Necklace (<a href=\"https:\/\/collections.carlos.emory.edu\/objects\/35890\/diviners-necklace?ctx=08e7a7de085fc013a4f0034bfe6bb46b60929e87&amp;idx=69\">Link<\/a>), and Diviner&#8217;s Bag, Apo Ifa (<a href=\"https:\/\/collections.carlos.emory.edu\/objects\/27715\/diviners-bag-apo-ifa?ctx=08e7a7de085fc013a4f0034bfe6bb46b60929e87&amp;idx=66\">Link<\/a>) in the Micheal C. Carlos Museum Collection, and an image of Prince Sola Aiyeku<\/sub> <sub>in Yoruba traditional royal regalia (<a href=\"https:\/\/commons.wikimedia.org\/wiki\/File:Prince_Sola_Aiyeku_in_Yoruba_traditional_royal_regalia-_2014-06-11_18-17.jpg\">Link<\/a>), used under CC BY-NC-SA 4.0.<\/sub><\/p>\n\n\n\n<!--nextpage-->\n\n\n\n<p class=\"has-text-align-center\"><strong>The Lost Twin<\/strong><\/p>\n\n\n\n<figure class=\"wp-block-image aligncenter size-large is-resized is-style-blue-note-slant-left\"><img loading=\"lazy\" decoding=\"async\" width=\"941\" height=\"705\" src=\"https:\/\/scholarblogs.emory.edu\/re-museeimaginaire\/files\/2025\/04\/The-Lost-Twin-1-edited-1.png\" alt=\"\" class=\"wp-image-75\" style=\"width:555px;height:auto\" srcset=\"https:\/\/scholarblogs.emory.edu\/re-museeimaginaire\/files\/2025\/04\/The-Lost-Twin-1-edited-1.png 941w, https:\/\/scholarblogs.emory.edu\/re-museeimaginaire\/files\/2025\/04\/The-Lost-Twin-1-edited-1-300x225.png 300w, https:\/\/scholarblogs.emory.edu\/re-museeimaginaire\/files\/2025\/04\/The-Lost-Twin-1-edited-1-768x575.png 768w\" sizes=\"auto, (max-width: 941px) 100vw, 941px\" \/><\/figure>\n\n\n\n<figure class=\"wp-block-image aligncenter size-large is-resized is-style-blue-note-slant-right\"><img loading=\"lazy\" decoding=\"async\" width=\"1024\" height=\"731\" src=\"https:\/\/scholarblogs.emory.edu\/re-museeimaginaire\/files\/2025\/04\/twin-copy-1024x731.jpg\" alt=\"\" class=\"wp-image-137\" style=\"width:561px;height:auto\" srcset=\"https:\/\/scholarblogs.emory.edu\/re-museeimaginaire\/files\/2025\/04\/twin-copy-1024x731.jpg 1024w, https:\/\/scholarblogs.emory.edu\/re-museeimaginaire\/files\/2025\/04\/twin-copy-300x214.jpg 300w, https:\/\/scholarblogs.emory.edu\/re-museeimaginaire\/files\/2025\/04\/twin-copy-768x548.jpg 768w, https:\/\/scholarblogs.emory.edu\/re-museeimaginaire\/files\/2025\/04\/twin-copy.jpg 1200w\" sizes=\"auto, (max-width: 1024px) 100vw, 1024px\" \/><\/figure>\n\n\n\n<p class=\"has-text-align-center\">Frame 1:<\/p>\n\n\n\n<p class=\"has-text-align-center\"><em><sub>A young woman, straddling a baby, gazes directly at the camera with a knowing smile on her face. The baby peeps from behind, trying to reach out for what the woman is carrying on her hands. On both hands, she firmly holds two miniature sculptures with exaggerated human features. In the larger frame, two hands reach out in a gesture to bring two figurines together, but they do not meet, they remain frozen in this perpetual white space. <\/sub><\/em><\/p>\n\n\n\n<p class=\"has-text-align-center\">Frame 2:<\/p>\n\n\n\n<p class=\"has-text-align-center\"><em><sub>The woman and her sculptures, along with two similar-looking forms are again visible, this time in an opaque museum storage space. She stands in the foreground and the other two figures stand adjacent to her on the museum shelf, separated by a wooden plank.<\/sub><\/em><\/p>\n\n\n\n<p>This group, titled <em>\u201cThe Lost Twin\u201d<\/em> features two ere ibejis (twin figures) from the Carlos Museum. The figures are carried by hands reaching out to each other but not quite reaching, symbolizing a sort of separation. The figures are individual and distinct, despite their similar designs, and are typically in pairs. At the center of these figures is an image of a Yoruba woman with a complete pair of ere ibeji, smiling at the camera.<\/p>\n\n\n\n<p><sup><strong>This Youtube video has been added to provide more contextual information about the objects:<\/strong><\/sup><\/p>\n\n\n\n<figure class=\"wp-block-embed is-type-video is-provider-youtube wp-block-embed-youtube wp-embed-aspect-16-9 wp-has-aspect-ratio\"><div class=\"wp-block-embed__wrapper\">\n<iframe loading=\"lazy\" title=\"Loss and love: Yoruba twin figures from Nigeria\" width=\"500\" height=\"281\" src=\"https:\/\/www.youtube.com\/embed\/xQwtqpFzpo0?feature=oembed\" frameborder=\"0\" allow=\"accelerometer; autoplay; clipboard-write; encrypted-media; gyroscope; picture-in-picture; web-share\" referrerpolicy=\"strict-origin-when-cross-origin\" allowfullscreen><\/iframe>\n<\/div><\/figure>\n\n\n\n<p><sub><em>The Lost Twin<\/em> by &#8216;Bukunmi Bifarin is licensed under&nbsp;<a href=\"https:\/\/nam11.safelinks.protection.outlook.com\/?url=https%3A%2F%2Fcreativecommons.org%2Flicenses%2Fby-nc-sa%2F4.0%2Fdeed.en&amp;data=05%7C02%7Cbukunmi.bifarin%40emory.edu%7C459bc63043c24cf1eeb708dd60c11128%7Ce004fb9cb0a4424fbcd0322606d5df38%7C0%7C0%7C638773104554732965%7CUnknown%7CTWFpbGZsb3d8eyJFbXB0eU1hcGkiOnRydWUsIlYiOiIwLjAuMDAwMCIsIlAiOiJXaW4zMiIsIkFOIjoiTWFpbCIsIldUIjoyfQ%3D%3D%7C0%7C%7C%7C&amp;sdata=MXflejx46i4OoJvZy7PtjHtNG6R44OgnVEPBxklxijA%3D&amp;reserved=0\" target=\"_blank\" rel=\"noreferrer noopener\">CC BY-NC-SA<\/a>&nbsp;4.0 and is a derivative of&nbsp;Ere Ibejis (<a href=\"https:\/\/collections.carlos.emory.edu\/objects\/33118\/ere-ibeji?ctx=da91938aebf231f53ecde114ab4ed57391e4cc2a&amp;idx=106\">Link A<\/a>, <a href=\"https:\/\/collections.carlos.emory.edu\/objects\/33117\/ere-ibeji?ctx=da91938aebf231f53ecde114ab4ed57391e4cc2a&amp;idx=105\">Link B<\/a>) at the Michael C. Carlos Museum Collection,  used under CC BY-NC-SA 4.0 and an image of a Yoruba Woman with a pair of Ibeji Figures by Tribalartantiques.com (<a href=\"https:\/\/www.tribalartantiques.com\/1033-2\/\">Link<\/a>)<\/sub>.<\/p>\n\n\n\n<!--nextpage-->\n\n\n\n<p class=\"has-text-align-center\"><strong>The Egungun<\/strong> <strong>Spectacle<\/strong><\/p>\n\n\n\n<figure class=\"wp-block-gallery aligncenter has-nested-images columns-default is-cropped wp-block-gallery-1 is-layout-flex wp-block-gallery-is-layout-flex\">\n<figure class=\"wp-block-image aligncenter size-full is-style-blue-note-rhomboid\"><img loading=\"lazy\" decoding=\"async\" width=\"436\" height=\"654\" data-id=\"78\" src=\"https:\/\/scholarblogs.emory.edu\/re-museeimaginaire\/files\/2025\/04\/The-Egungun-spectacle-edited-1.png\" alt=\"\" class=\"wp-image-78\" srcset=\"https:\/\/scholarblogs.emory.edu\/re-museeimaginaire\/files\/2025\/04\/The-Egungun-spectacle-edited-1.png 436w, https:\/\/scholarblogs.emory.edu\/re-museeimaginaire\/files\/2025\/04\/The-Egungun-spectacle-edited-1-200x300.png 200w\" sizes=\"auto, (max-width: 436px) 100vw, 436px\" \/><\/figure>\n\n\n\n<figure class=\"wp-block-image size-full is-style-blue-note-rhomboid\"><img loading=\"lazy\" decoding=\"async\" width=\"1200\" height=\"857\" data-id=\"138\" src=\"https:\/\/scholarblogs.emory.edu\/re-museeimaginaire\/files\/2025\/04\/egungun.jpg\" alt=\"\" class=\"wp-image-138\" srcset=\"https:\/\/scholarblogs.emory.edu\/re-museeimaginaire\/files\/2025\/04\/egungun.jpg 1200w, https:\/\/scholarblogs.emory.edu\/re-museeimaginaire\/files\/2025\/04\/egungun-300x214.jpg 300w, https:\/\/scholarblogs.emory.edu\/re-museeimaginaire\/files\/2025\/04\/egungun-1024x731.jpg 1024w, https:\/\/scholarblogs.emory.edu\/re-museeimaginaire\/files\/2025\/04\/egungun-768x548.jpg 768w\" sizes=\"auto, (max-width: 1200px) 100vw, 1200px\" \/><\/figure>\n<\/figure>\n\n\n\n<p class=\"has-text-align-center\"><em><sub>The Egungun masquerade takes center stage, accompanied by the rhythmic sounds of the bata drummers and the energetic dance of an ensemble of dancers and fervid spectators. The masquerade dances rhythmically, twirling, jumping, and occasionally performing extraordinary stunts that leave the audience in awe and delight.<\/sub><\/em><\/p>\n\n\n\n<p class=\"has-text-align-left\">This group, titled <em>\u201cThe Egungun spectacle,\u201d <\/em>aims to reference the movement, rhythm, and dance associated with masquerade ceremonies. At the center of the composition is a Yoruba Egungun costume from the Carlos Museum collection. Attached to this costume is a photo of a group of drummers who typically accompany the Egungun, as well as an image of an Egungun in motion (the Egungun Allada from B\u00e9nin). The costume is positioned to overlap and cover the more dynamic photos behind it, to show that there is more to the image and something lost as well.\u00a0In the second collage, the costume is inserted, centered, and foregrounded within a receding photo of an Egungun ceremony. I also added a &#8220;noise filter&#8221; to symbolize noise and activity.<\/p>\n\n\n\n<p><sup><strong>This Youtube video has been added to provide more contextual information about the objects<\/strong>:<\/sup><\/p>\n\n\n\n<figure class=\"wp-block-embed is-type-video is-provider-youtube wp-block-embed-youtube wp-embed-aspect-16-9 wp-has-aspect-ratio\"><div class=\"wp-block-embed__wrapper\">\n<iframe loading=\"lazy\" title=\"Lecture: Yoruba Egungun Masquerade Performances for the Ancestors\" width=\"500\" height=\"281\" src=\"https:\/\/www.youtube.com\/embed\/zOOAbnIorRo?feature=oembed\" frameborder=\"0\" allow=\"accelerometer; autoplay; clipboard-write; encrypted-media; gyroscope; picture-in-picture; web-share\" referrerpolicy=\"strict-origin-when-cross-origin\" allowfullscreen><\/iframe>\n<\/div><\/figure>\n\n\n\n<p><sub><em>The Egungun Spectacle<\/em> by &#8216;Bukunmi Bifarin is licensed under&nbsp;<a href=\"https:\/\/nam11.safelinks.protection.outlook.com\/?url=https%3A%2F%2Fcreativecommons.org%2Flicenses%2Fby-nc-sa%2F4.0%2Fdeed.en&amp;data=05%7C02%7Cbukunmi.bifarin%40emory.edu%7C459bc63043c24cf1eeb708dd60c11128%7Ce004fb9cb0a4424fbcd0322606d5df38%7C0%7C0%7C638773104554732965%7CUnknown%7CTWFpbGZsb3d8eyJFbXB0eU1hcGkiOnRydWUsIlYiOiIwLjAuMDAwMCIsIlAiOiJXaW4zMiIsIkFOIjoiTWFpbCIsIldUIjoyfQ%3D%3D%7C0%7C%7C%7C&amp;sdata=MXflejx46i4OoJvZy7PtjHtNG6R44OgnVEPBxklxijA%3D&amp;reserved=0\" target=\"_blank\" rel=\"noreferrer noopener\">CC BY-NC-SA<\/a>&nbsp;4.0 and is a derivative of&nbsp;Egungun (<a href=\"https:\/\/collections.carlos.emory.edu\/objects\/15765\/egungun?ctx=900be433e4b0206f098ea1e899829ac1fc489cb0&amp;idx=78\">Link<\/a>) from the Michael C. Carlos Museum Collection, and images of the Egungun Allada au B\u00e9nin<\/sub> <sub>(<a href=\"https:\/\/commons.wikimedia.org\/wiki\/File:Egungun_Allada_au_B%C3%A9nin_06.png\">Link<\/a>) and the &#8220;mirror children&#8221; (<a href=\"https:\/\/commons.wikimedia.org\/wiki\/File:Mirror_Children.jpg\">Link<\/a>), used under CC BY-NC-SA 4.0.<\/sub><\/p>\n","protected":false},"excerpt":{"rendered":"<p>&#8220;The museum is not only a place of preservation; it is a place of metamorphosis.&#8221; Andr\u00e9 Malraux,&nbsp;The Voices of Silence Traditional African art objects typically did not exist in isolation. Some were used ceremonially, in relation to bodies, places, and other objects. This section brings selected works from the Michael C. Carlos Museum&#8217;s collection into [&hellip;]<\/p>\n","protected":false},"author":9347,"featured_media":0,"parent":0,"menu_order":0,"comment_status":"closed","ping_status":"closed","template":"","meta":{"footnotes":""},"class_list":["post-39","page","type-page","status-publish","hentry"],"_links":{"self":[{"href":"https:\/\/scholarblogs.emory.edu\/re-museeimaginaire\/wp-json\/wp\/v2\/pages\/39","targetHints":{"allow":["GET"]}}],"collection":[{"href":"https:\/\/scholarblogs.emory.edu\/re-museeimaginaire\/wp-json\/wp\/v2\/pages"}],"about":[{"href":"https:\/\/scholarblogs.emory.edu\/re-museeimaginaire\/wp-json\/wp\/v2\/types\/page"}],"author":[{"embeddable":true,"href":"https:\/\/scholarblogs.emory.edu\/re-museeimaginaire\/wp-json\/wp\/v2\/users\/9347"}],"replies":[{"embeddable":true,"href":"https:\/\/scholarblogs.emory.edu\/re-museeimaginaire\/wp-json\/wp\/v2\/comments?post=39"}],"version-history":[{"count":35,"href":"https:\/\/scholarblogs.emory.edu\/re-museeimaginaire\/wp-json\/wp\/v2\/pages\/39\/revisions"}],"predecessor-version":[{"id":193,"href":"https:\/\/scholarblogs.emory.edu\/re-museeimaginaire\/wp-json\/wp\/v2\/pages\/39\/revisions\/193"}],"wp:attachment":[{"href":"https:\/\/scholarblogs.emory.edu\/re-museeimaginaire\/wp-json\/wp\/v2\/media?parent=39"}],"curies":[{"name":"wp","href":"https:\/\/api.w.org\/{rel}","templated":true}]}}