{"id":13,"date":"2021-10-26T15:05:53","date_gmt":"2021-10-26T15:05:53","guid":{"rendered":"https:\/\/scholarblogs.emory.edu\/telugustudies\/?page_id=13"},"modified":"2021-12-16T16:44:09","modified_gmt":"2021-12-16T16:44:09","slug":"digital-scholarship","status":"publish","type":"page","link":"https:\/\/scholarblogs.emory.edu\/telugustudies\/digital-scholarship\/","title":{"rendered":"Digital Scholarship"},"content":{"rendered":"\n<div class=\"wp-block-cover alignfull has-background-dim\" style=\"min-height:600px;aspect-ratio:unset;\"><img loading=\"lazy\" decoding=\"async\" width=\"1200\" height=\"684\" class=\"wp-block-cover__image-background wp-image-164\" alt=\"\" src=\"https:\/\/scholarblogs.emory.edu\/telugustudies\/files\/2021\/11\/991007767510201375731_V.03.jpg\" data-object-fit=\"cover\" srcset=\"https:\/\/scholarblogs.emory.edu\/telugustudies\/files\/2021\/11\/991007767510201375731_V.03.jpg 1200w, https:\/\/scholarblogs.emory.edu\/telugustudies\/files\/2021\/11\/991007767510201375731_V.03-300x171.jpg 300w, https:\/\/scholarblogs.emory.edu\/telugustudies\/files\/2021\/11\/991007767510201375731_V.03-1024x584.jpg 1024w, https:\/\/scholarblogs.emory.edu\/telugustudies\/files\/2021\/11\/991007767510201375731_V.03-768x438.jpg 768w\" sizes=\"auto, (max-width: 1200px) 100vw, 1200px\" \/><div class=\"wp-block-cover__inner-container is-layout-flow wp-block-cover-is-layout-flow\">\n<h1 class=\"alignwide has-text-align-center wp-block-heading\">Digital Scholarship<\/h1>\n<\/div><\/div>\n\n\n\n<div class=\"wp-block-columns alignwide is-layout-flex wp-container-core-columns-is-layout-9d6595d7 wp-block-columns-is-layout-flex\">\n<div class=\"wp-block-column is-layout-flow wp-block-column-is-layout-flow\">\n<div class=\"wp-block-columns is-layout-flex wp-container-core-columns-is-layout-9d6595d7 wp-block-columns-is-layout-flex\">\n<div class=\"wp-block-column is-layout-flow wp-block-column-is-layout-flow\">\n<h3 class=\"has-text-align-right wp-block-heading\"><a rel=\"noreferrer noopener\" href=\"https:\/\/readux.ecds.emory.edu\/books\/readux:tgsjc\/\" target=\"_blank\">Udy\u014dga Parvamu of a Telugu Mah\u0101bh\u0101rata<\/a><\/h3>\n\n\n\n<p class=\"has-text-align-right\">View on Readux<\/p>\n<\/div>\n\n\n\n<div class=\"wp-block-column is-layout-flow wp-block-column-is-layout-flow\">\n<figure class=\"wp-block-image size-full\"><img loading=\"lazy\" decoding=\"async\" width=\"1024\" height=\"699\" src=\"https:\/\/scholarblogs.emory.edu\/telugustudies\/files\/2021\/12\/Telugu-insect-damage-1024x699-1-e1639496216456.png\" alt=\"\" class=\"wp-image-262\" srcset=\"https:\/\/scholarblogs.emory.edu\/telugustudies\/files\/2021\/12\/Telugu-insect-damage-1024x699-1-e1639496216456.png 1024w, https:\/\/scholarblogs.emory.edu\/telugustudies\/files\/2021\/12\/Telugu-insect-damage-1024x699-1-e1639496216456-300x205.png 300w, https:\/\/scholarblogs.emory.edu\/telugustudies\/files\/2021\/12\/Telugu-insect-damage-1024x699-1-e1639496216456-768x524.png 768w\" sizes=\"auto, (max-width: 1024px) 100vw, 1024px\" \/><\/figure>\n<\/div>\n<\/div>\n\n\n\n<div class=\"wp-block-columns is-layout-flex wp-container-core-columns-is-layout-9d6595d7 wp-block-columns-is-layout-flex\">\n<div class=\"wp-block-column is-layout-flow wp-block-column-is-layout-flow\">\n<h3 class=\"has-text-align-right wp-block-heading\"><a href=\"https:\/\/scholarblogs.emory.edu\/woodruff\/news\/preserving-the-telugu-manuscript\" target=\"_blank\" rel=\"noreferrer noopener\">Preserving the Telugu Manuscript<\/a><\/h3>\n\n\n\n<p class=\"has-text-align-right\">Emory Libraries<\/p>\n<\/div>\n\n\n\n<div class=\"wp-block-column is-layout-flow wp-block-column-is-layout-flow\">\n<figure class=\"wp-block-image size-large\"><img loading=\"lazy\" decoding=\"async\" width=\"1024\" height=\"879\" src=\"https:\/\/scholarblogs.emory.edu\/telugustudies\/files\/2021\/12\/box-with-open-wedge-1024x879.jpeg\" alt=\"\" class=\"wp-image-264\" srcset=\"https:\/\/scholarblogs.emory.edu\/telugustudies\/files\/2021\/12\/box-with-open-wedge-1024x879.jpeg 1024w, https:\/\/scholarblogs.emory.edu\/telugustudies\/files\/2021\/12\/box-with-open-wedge-300x257.jpeg 300w, https:\/\/scholarblogs.emory.edu\/telugustudies\/files\/2021\/12\/box-with-open-wedge-768x659.jpeg 768w, https:\/\/scholarblogs.emory.edu\/telugustudies\/files\/2021\/12\/box-with-open-wedge.jpeg 1163w\" sizes=\"auto, (max-width: 1024px) 100vw, 1024px\" \/><\/figure>\n<\/div>\n<\/div>\n\n\n\n<div class=\"wp-block-columns is-layout-flex wp-container-core-columns-is-layout-9d6595d7 wp-block-columns-is-layout-flex\">\n<div class=\"wp-block-column is-layout-flow wp-block-column-is-layout-flow\">\n<h3 class=\"has-text-align-right wp-block-heading\"><a href=\"https:\/\/scholarblogs.emory.edu\/woodruff\/news\/linguistic-diversity-telugu\" target=\"_blank\" rel=\"noreferrer noopener\">Linguistic Diversity at Emory Libraries: A New Focus on Telugu for our South Asia Collection<\/a><\/h3>\n\n\n\n<p class=\"has-text-align-right\">Emory Libraries<\/p>\n<\/div>\n\n\n\n<div class=\"wp-block-column is-layout-flow wp-block-column-is-layout-flow\">\n<figure class=\"wp-block-image size-full\"><img loading=\"lazy\" decoding=\"async\" width=\"793\" height=\"768\" src=\"https:\/\/scholarblogs.emory.edu\/telugustudies\/files\/2021\/12\/map-of-south-asian-languages.png\" alt=\"\" class=\"wp-image-263\" srcset=\"https:\/\/scholarblogs.emory.edu\/telugustudies\/files\/2021\/12\/map-of-south-asian-languages.png 793w, https:\/\/scholarblogs.emory.edu\/telugustudies\/files\/2021\/12\/map-of-south-asian-languages-300x291.png 300w, https:\/\/scholarblogs.emory.edu\/telugustudies\/files\/2021\/12\/map-of-south-asian-languages-768x744.png 768w\" sizes=\"auto, (max-width: 793px) 100vw, 793px\" \/><\/figure>\n<\/div>\n<\/div>\n<\/div>\n<\/div>\n","protected":false},"excerpt":{"rendered":"<p>Udy\u014dga Parvamu of a Telugu Mah\u0101bh\u0101rata View on Readux Preserving the Telugu Manuscript Emory Libraries Linguistic Diversity at Emory Libraries: A New Focus on Telugu for our South Asia Collection Emory Libraries<\/p>\n","protected":false},"author":7597,"featured_media":0,"parent":0,"menu_order":0,"comment_status":"closed","ping_status":"closed","template":"","meta":{"footnotes":""},"class_list":["post-13","page","type-page","status-publish","hentry"],"jetpack_sharing_enabled":true,"_links":{"self":[{"href":"https:\/\/scholarblogs.emory.edu\/telugustudies\/wp-json\/wp\/v2\/pages\/13","targetHints":{"allow":["GET"]}}],"collection":[{"href":"https:\/\/scholarblogs.emory.edu\/telugustudies\/wp-json\/wp\/v2\/pages"}],"about":[{"href":"https:\/\/scholarblogs.emory.edu\/telugustudies\/wp-json\/wp\/v2\/types\/page"}],"author":[{"embeddable":true,"href":"https:\/\/scholarblogs.emory.edu\/telugustudies\/wp-json\/wp\/v2\/users\/7597"}],"replies":[{"embeddable":true,"href":"https:\/\/scholarblogs.emory.edu\/telugustudies\/wp-json\/wp\/v2\/comments?post=13"}],"version-history":[{"count":7,"href":"https:\/\/scholarblogs.emory.edu\/telugustudies\/wp-json\/wp\/v2\/pages\/13\/revisions"}],"predecessor-version":[{"id":307,"href":"https:\/\/scholarblogs.emory.edu\/telugustudies\/wp-json\/wp\/v2\/pages\/13\/revisions\/307"}],"wp:attachment":[{"href":"https:\/\/scholarblogs.emory.edu\/telugustudies\/wp-json\/wp\/v2\/media?parent=13"}],"curies":[{"name":"wp","href":"https:\/\/api.w.org\/{rel}","templated":true}]}}